{"id":3611,"date":"2021-05-29T21:14:58","date_gmt":"2021-05-29T18:14:58","guid":{"rendered":"https:\/\/www.uksestukseni.ee\/?page_id=3611"},"modified":"2021-05-29T22:39:16","modified_gmt":"2021-05-29T19:39:16","slug":"%d0%b1%d0%bb%d0%be%d0%b3","status":"publish","type":"page","link":"https:\/\/www.uksestukseni.ee\/ru\/%d0%b1%d0%bb%d0%be%d0%b3\/","title":{"rendered":"\u0411\u043b\u043e\u0433"},"content":{"rendered":"[mk_page_section bg_image=&#187;http:\/\/www.uksestukseni.ee\/wp-content\/uploads\/2017\/07\/bg-02.jpg&#187; bg_color=&#187;#48423c&#187; bg_position=&#187;center center&#187; bg_stretch=&#187;true&#187; top_shape_color=&#187;#ffffff&#187; bottom_shape_style=&#187;folded-bottom&#187; bottom_shape_color=&#187;#ffffff&#187; sidebar=&#187;sidebar-1&#8243;][vc_column][vc_custom_heading source=&#187;post_title&#187; font_container=&#187;tag:h1|font_size:42|text_align:center|color:%23ffffff&#187; google_fonts=&#187;font_family:Roboto%3A100%2C100italic%2C300%2C300italic%2Cregular%2Citalic%2C500%2C500italic%2C700%2C700italic%2C900%2C900italic|font_style:100%20light%20regular%3A100%3Anormal&#187; css=&#187;.vc_custom_1504121987857{margin-bottom: 10px !important;}&#187;][vc_separator color=&#187;custom&#187; el_width=&#187;10&#8243; css_animation=&#187;bounceInLeft&#187; accent_color=&#187;#f6783f&#187; css=&#187;.vc_custom_1501538053853{margin-top: 10px !important;margin-bottom: 20px !important;}&#187;][\/vc_column][\/mk_page_section][mk_page_section padding_top=&#187;30&#8243; padding_bottom=&#187;30&#8243; sidebar=&#187;sidebar-1&#8243;][vc_column][mk_blog style=&#187;grid&#187; grid_image_height=&#187;250&#8243; post_count=&#187;15&#8243; pagination_style=&#187;2&#8243;][\/vc_column][\/mk_page_section]\n","protected":false},"excerpt":{"rendered":"<p>[mk_page_section bg_image=&#187;http:\/\/www.uksestukseni.ee\/wp-content\/uploads\/2017\/07\/bg-02.jpg&#187; bg_color=&#187;#48423c&#187; bg_position=&#187;center center&#187; bg_stretch=&#187;true&#187; top_shape_color=&#187;#ffffff&#187; bottom_shape_style=&#187;folded-bottom&#187; bottom_shape_color=&#187;#ffffff&#187; sidebar=&#187;sidebar-1&#8243;][vc_column][vc_custom_heading source=&#187;post_title&#187; font_container=&#187;tag:h1|font_size:42|text_align:center|color:%23ffffff&#187; google_fonts=&#187;font_family:Roboto%3A100%2C100italic%2C300%2C300italic%2Cregular%2Citalic%2C500%2C500italic%2C700%2C700italic%2C900%2C900italic|font_style:100%20light%20regular%3A100%3Anormal&#187; css=&#187;.vc_custom_1504121987857{margin-bottom: 10px !important;}&#187;][vc_separator color=&#187;custom&#187; el_width=&#187;10&#8243; css_animation=&#187;bounceInLeft&#187; accent_color=&#187;#f6783f&#187; css=&#187;.vc_custom_1501538053853{margin-top: 10px !important;margin-bottom: 20px !important;}&#187;][\/vc_column][\/mk_page_section][mk_page_section padding_top=&#187;30&#8243; padding_bottom=&#187;30&#8243; sidebar=&#187;sidebar-1&#8243;][vc_column][mk_blog style=&#187;grid&#187; grid_image_height=&#187;250&#8243; post_count=&#187;15&#8243; pagination_style=&#187;2&#8243;][\/vc_column][\/mk_page_section]<\/p>\n","protected":false},"author":3,"featured_media":0,"parent":0,"menu_order":0,"comment_status":"closed","ping_status":"closed","template":"","meta":{"footnotes":""},"class_list":["post-3611","page","type-page","status-publish","hentry"],"yoast_head":"<!-- This site is optimized with the Yoast SEO plugin v26.7 - https:\/\/yoast.com\/wordpress\/plugins\/seo\/ -->\n<title>\u0411\u043b\u043e\u0433 | Kolimisteenus Tallinnas - Abi kolimisel, M\u00f6\u00f6blivedu - T\u00f5steteenus korrusele<\/title>\n<meta name=\"robots\" content=\"index, follow, max-snippet:-1, max-image-preview:large, max-video-preview:-1\" \/>\n<link rel=\"canonical\" href=\"https:\/\/www.uksestukseni.ee\/ru\/\u0431\u043b\u043e\u0433\/\" \/>\n<meta property=\"og:locale\" content=\"ru_RU\" \/>\n<meta property=\"og:type\" content=\"article\" \/>\n<meta property=\"og:title\" content=\"\u0411\u043b\u043e\u0433 | Kolimisteenus Tallinnas - Abi kolimisel, M\u00f6\u00f6blivedu - T\u00f5steteenus korrusele\" \/>\n<meta property=\"og:description\" content=\"[mk_page_section bg_image=&#187;http:\/\/www.uksestukseni.ee\/wp-content\/uploads\/2017\/07\/bg-02.jpg&#187; bg_color=&#187;#48423c&#187; bg_position=&#187;center center&#187; bg_stretch=&#187;true&#187; top_shape_color=&#187;#ffffff&#187; bottom_shape_style=&#187;folded-bottom&#187; bottom_shape_color=&#187;#ffffff&#187; sidebar=&#187;sidebar-1&#8243;][vc_column][vc_custom_heading source=&#187;post_title&#187; font_container=&#187;tag:h1|font_size:42|text_align:center|color:%23ffffff&#187; google_fonts=&#187;font_family:Roboto%3A100%2C100italic%2C300%2C300italic%2Cregular%2Citalic%2C500%2C500italic%2C700%2C700italic%2C900%2C900italic|font_style:100%20light%20regular%3A100%3Anormal&#187; css=&#187;.vc_custom_1504121987857{margin-bottom: 10px !important;}&#187;][vc_separator color=&#187;custom&#187; el_width=&#187;10&#8243; css_animation=&#187;bounceInLeft&#187; accent_color=&#187;#f6783f&#187; css=&#187;.vc_custom_1501538053853{margin-top: 10px !important;margin-bottom: 20px !important;}&#187;][\/vc_column][\/mk_page_section][mk_page_section padding_top=&#187;30&#8243; padding_bottom=&#187;30&#8243; sidebar=&#187;sidebar-1&#8243;][vc_column][mk_blog style=&#187;grid&#187; grid_image_height=&#187;250&#8243; post_count=&#187;15&#8243; pagination_style=&#187;2&#8243;][\/vc_column][\/mk_page_section]\" \/>\n<meta property=\"og:url\" content=\"https:\/\/www.uksestukseni.ee\/ru\/\u0431\u043b\u043e\u0433\/\" \/>\n<meta property=\"og:site_name\" content=\"Kolimisteenus Tallinnas - Abi kolimisel, M\u00f6\u00f6blivedu - T\u00f5steteenus korrusele\" \/>\n<meta property=\"article:publisher\" content=\"https:\/\/www.facebook.com\/uksestukseni\/\" \/>\n<meta property=\"article:modified_time\" content=\"2021-05-29T19:39:16+00:00\" \/>\n<meta name=\"twitter:card\" content=\"summary_large_image\" \/>\n<meta name=\"twitter:label1\" content=\"\u041f\u0440\u0438\u043c\u0435\u0440\u043d\u043e\u0435 \u0432\u0440\u0435\u043c\u044f \u0434\u043b\u044f \u0447\u0442\u0435\u043d\u0438\u044f\" \/>\n\t<meta name=\"twitter:data1\" content=\"1 \u043c\u0438\u043d\u0443\u0442\u0430\" \/>\n<script type=\"application\/ld+json\" class=\"yoast-schema-graph\">{\"@context\":\"https:\/\/schema.org\",\"@graph\":[{\"@type\":\"WebPage\",\"@id\":\"https:\/\/www.uksestukseni.ee\/ru\/%d0%b1%d0%bb%d0%be%d0%b3\/\",\"url\":\"https:\/\/www.uksestukseni.ee\/ru\/%d0%b1%d0%bb%d0%be%d0%b3\/\",\"name\":\"\u0411\u043b\u043e\u0433 | Kolimisteenus Tallinnas - Abi kolimisel, M\u00f6\u00f6blivedu - T\u00f5steteenus korrusele\",\"isPartOf\":{\"@id\":\"https:\/\/www.uksestukseni.ee\/#website\"},\"datePublished\":\"2021-05-29T18:14:58+00:00\",\"dateModified\":\"2021-05-29T19:39:16+00:00\",\"breadcrumb\":{\"@id\":\"https:\/\/www.uksestukseni.ee\/ru\/%d0%b1%d0%bb%d0%be%d0%b3\/#breadcrumb\"},\"inLanguage\":\"ru-RU\",\"potentialAction\":[{\"@type\":\"ReadAction\",\"target\":[\"https:\/\/www.uksestukseni.ee\/ru\/%d0%b1%d0%bb%d0%be%d0%b3\/\"]}]},{\"@type\":\"BreadcrumbList\",\"@id\":\"https:\/\/www.uksestukseni.ee\/ru\/%d0%b1%d0%bb%d0%be%d0%b3\/#breadcrumb\",\"itemListElement\":[{\"@type\":\"ListItem\",\"position\":1,\"name\":\"Home\",\"item\":\"https:\/\/www.uksestukseni.ee\/ru\/\"},{\"@type\":\"ListItem\",\"position\":2,\"name\":\"\u0411\u043b\u043e\u0433\"}]},{\"@type\":\"WebSite\",\"@id\":\"https:\/\/www.uksestukseni.ee\/#website\",\"url\":\"https:\/\/www.uksestukseni.ee\/\",\"name\":\"Kolimisteenus Tallinnas - Abi kolimisel, M\u00f6\u00f6blivedu - T\u00f5steteenus korrusele\",\"description\":\"Kolimisteenus Tallinnas - Abi kolimisel, M\u00f6\u00f6blivedu - T\u00f5steteenus korrusele\",\"publisher\":{\"@id\":\"https:\/\/www.uksestukseni.ee\/#organization\"},\"potentialAction\":[{\"@type\":\"SearchAction\",\"target\":{\"@type\":\"EntryPoint\",\"urlTemplate\":\"https:\/\/www.uksestukseni.ee\/?s={search_term_string}\"},\"query-input\":{\"@type\":\"PropertyValueSpecification\",\"valueRequired\":true,\"valueName\":\"search_term_string\"}}],\"inLanguage\":\"ru-RU\"},{\"@type\":\"Organization\",\"@id\":\"https:\/\/www.uksestukseni.ee\/#organization\",\"name\":\"Kolimisteenus Tallinnas Uksest Ukseni\",\"url\":\"https:\/\/www.uksestukseni.ee\/\",\"logo\":{\"@type\":\"ImageObject\",\"inLanguage\":\"ru-RU\",\"@id\":\"https:\/\/www.uksestukseni.ee\/#\/schema\/logo\/image\/\",\"url\":\"https:\/\/www.uksestukseni.ee\/wp-content\/uploads\/2017\/12\/logo.png\",\"contentUrl\":\"https:\/\/www.uksestukseni.ee\/wp-content\/uploads\/2017\/12\/logo.png\",\"width\":528,\"height\":189,\"caption\":\"Kolimisteenus Tallinnas Uksest Ukseni\"},\"image\":{\"@id\":\"https:\/\/www.uksestukseni.ee\/#\/schema\/logo\/image\/\"},\"sameAs\":[\"https:\/\/www.facebook.com\/uksestukseni\/\",\"https:\/\/www.instagram.com\/kolimisteenus\/\",\"https:\/\/www.youtube.com\/channel\/UC5-1GARIGLHRjOQqCDrOEfQ\"]}]}<\/script>\n<!-- \/ Yoast SEO plugin. -->","yoast_head_json":{"title":"\u0411\u043b\u043e\u0433 | Kolimisteenus Tallinnas - Abi kolimisel, M\u00f6\u00f6blivedu - T\u00f5steteenus korrusele","robots":{"index":"index","follow":"follow","max-snippet":"max-snippet:-1","max-image-preview":"max-image-preview:large","max-video-preview":"max-video-preview:-1"},"canonical":"https:\/\/www.uksestukseni.ee\/ru\/\u0431\u043b\u043e\u0433\/","og_locale":"ru_RU","og_type":"article","og_title":"\u0411\u043b\u043e\u0433 | Kolimisteenus Tallinnas - Abi kolimisel, M\u00f6\u00f6blivedu - T\u00f5steteenus korrusele","og_description":"[mk_page_section bg_image=&#187;http:\/\/www.uksestukseni.ee\/wp-content\/uploads\/2017\/07\/bg-02.jpg&#187; bg_color=&#187;#48423c&#187; bg_position=&#187;center center&#187; bg_stretch=&#187;true&#187; top_shape_color=&#187;#ffffff&#187; bottom_shape_style=&#187;folded-bottom&#187; bottom_shape_color=&#187;#ffffff&#187; sidebar=&#187;sidebar-1&#8243;][vc_column][vc_custom_heading source=&#187;post_title&#187; font_container=&#187;tag:h1|font_size:42|text_align:center|color:%23ffffff&#187; google_fonts=&#187;font_family:Roboto%3A100%2C100italic%2C300%2C300italic%2Cregular%2Citalic%2C500%2C500italic%2C700%2C700italic%2C900%2C900italic|font_style:100%20light%20regular%3A100%3Anormal&#187; css=&#187;.vc_custom_1504121987857{margin-bottom: 10px !important;}&#187;][vc_separator color=&#187;custom&#187; el_width=&#187;10&#8243; css_animation=&#187;bounceInLeft&#187; accent_color=&#187;#f6783f&#187; css=&#187;.vc_custom_1501538053853{margin-top: 10px !important;margin-bottom: 20px !important;}&#187;][\/vc_column][\/mk_page_section][mk_page_section padding_top=&#187;30&#8243; padding_bottom=&#187;30&#8243; sidebar=&#187;sidebar-1&#8243;][vc_column][mk_blog style=&#187;grid&#187; grid_image_height=&#187;250&#8243; post_count=&#187;15&#8243; pagination_style=&#187;2&#8243;][\/vc_column][\/mk_page_section]","og_url":"https:\/\/www.uksestukseni.ee\/ru\/\u0431\u043b\u043e\u0433\/","og_site_name":"Kolimisteenus Tallinnas - Abi kolimisel, M\u00f6\u00f6blivedu - T\u00f5steteenus korrusele","article_publisher":"https:\/\/www.facebook.com\/uksestukseni\/","article_modified_time":"2021-05-29T19:39:16+00:00","twitter_card":"summary_large_image","twitter_misc":{"\u041f\u0440\u0438\u043c\u0435\u0440\u043d\u043e\u0435 \u0432\u0440\u0435\u043c\u044f \u0434\u043b\u044f \u0447\u0442\u0435\u043d\u0438\u044f":"1 \u043c\u0438\u043d\u0443\u0442\u0430"},"schema":{"@context":"https:\/\/schema.org","@graph":[{"@type":"WebPage","@id":"https:\/\/www.uksestukseni.ee\/ru\/%d0%b1%d0%bb%d0%be%d0%b3\/","url":"https:\/\/www.uksestukseni.ee\/ru\/%d0%b1%d0%bb%d0%be%d0%b3\/","name":"\u0411\u043b\u043e\u0433 | Kolimisteenus Tallinnas - Abi kolimisel, M\u00f6\u00f6blivedu - T\u00f5steteenus korrusele","isPartOf":{"@id":"https:\/\/www.uksestukseni.ee\/#website"},"datePublished":"2021-05-29T18:14:58+00:00","dateModified":"2021-05-29T19:39:16+00:00","breadcrumb":{"@id":"https:\/\/www.uksestukseni.ee\/ru\/%d0%b1%d0%bb%d0%be%d0%b3\/#breadcrumb"},"inLanguage":"ru-RU","potentialAction":[{"@type":"ReadAction","target":["https:\/\/www.uksestukseni.ee\/ru\/%d0%b1%d0%bb%d0%be%d0%b3\/"]}]},{"@type":"BreadcrumbList","@id":"https:\/\/www.uksestukseni.ee\/ru\/%d0%b1%d0%bb%d0%be%d0%b3\/#breadcrumb","itemListElement":[{"@type":"ListItem","position":1,"name":"Home","item":"https:\/\/www.uksestukseni.ee\/ru\/"},{"@type":"ListItem","position":2,"name":"\u0411\u043b\u043e\u0433"}]},{"@type":"WebSite","@id":"https:\/\/www.uksestukseni.ee\/#website","url":"https:\/\/www.uksestukseni.ee\/","name":"Kolimisteenus Tallinnas - Abi kolimisel, M\u00f6\u00f6blivedu - T\u00f5steteenus korrusele","description":"Kolimisteenus Tallinnas - Abi kolimisel, M\u00f6\u00f6blivedu - T\u00f5steteenus korrusele","publisher":{"@id":"https:\/\/www.uksestukseni.ee\/#organization"},"potentialAction":[{"@type":"SearchAction","target":{"@type":"EntryPoint","urlTemplate":"https:\/\/www.uksestukseni.ee\/?s={search_term_string}"},"query-input":{"@type":"PropertyValueSpecification","valueRequired":true,"valueName":"search_term_string"}}],"inLanguage":"ru-RU"},{"@type":"Organization","@id":"https:\/\/www.uksestukseni.ee\/#organization","name":"Kolimisteenus Tallinnas Uksest Ukseni","url":"https:\/\/www.uksestukseni.ee\/","logo":{"@type":"ImageObject","inLanguage":"ru-RU","@id":"https:\/\/www.uksestukseni.ee\/#\/schema\/logo\/image\/","url":"https:\/\/www.uksestukseni.ee\/wp-content\/uploads\/2017\/12\/logo.png","contentUrl":"https:\/\/www.uksestukseni.ee\/wp-content\/uploads\/2017\/12\/logo.png","width":528,"height":189,"caption":"Kolimisteenus Tallinnas Uksest Ukseni"},"image":{"@id":"https:\/\/www.uksestukseni.ee\/#\/schema\/logo\/image\/"},"sameAs":["https:\/\/www.facebook.com\/uksestukseni\/","https:\/\/www.instagram.com\/kolimisteenus\/","https:\/\/www.youtube.com\/channel\/UC5-1GARIGLHRjOQqCDrOEfQ"]}]}},"_links":{"self":[{"href":"https:\/\/www.uksestukseni.ee\/ru\/wp-json\/wp\/v2\/pages\/3611","targetHints":{"allow":["GET"]}}],"collection":[{"href":"https:\/\/www.uksestukseni.ee\/ru\/wp-json\/wp\/v2\/pages"}],"about":[{"href":"https:\/\/www.uksestukseni.ee\/ru\/wp-json\/wp\/v2\/types\/page"}],"author":[{"embeddable":true,"href":"https:\/\/www.uksestukseni.ee\/ru\/wp-json\/wp\/v2\/users\/3"}],"replies":[{"embeddable":true,"href":"https:\/\/www.uksestukseni.ee\/ru\/wp-json\/wp\/v2\/comments?post=3611"}],"version-history":[{"count":1,"href":"https:\/\/www.uksestukseni.ee\/ru\/wp-json\/wp\/v2\/pages\/3611\/revisions"}],"predecessor-version":[{"id":3612,"href":"https:\/\/www.uksestukseni.ee\/ru\/wp-json\/wp\/v2\/pages\/3611\/revisions\/3612"}],"wp:attachment":[{"href":"https:\/\/www.uksestukseni.ee\/ru\/wp-json\/wp\/v2\/media?parent=3611"}],"curies":[{"name":"wp","href":"https:\/\/api.w.org\/{rel}","templated":true}]}}