{"id":3609,"date":"2021-05-29T21:14:16","date_gmt":"2021-05-29T18:14:16","guid":{"rendered":"https:\/\/www.uksestukseni.ee\/?page_id=3609"},"modified":"2024-09-06T20:15:55","modified_gmt":"2024-09-06T17:15:55","slug":"%d0%ba%d0%be%d0%bd%d1%82%d0%b0%d0%ba%d1%82","status":"publish","type":"page","link":"https:\/\/www.uksestukseni.ee\/ru\/%d0%ba%d0%be%d0%bd%d1%82%d0%b0%d0%ba%d1%82\/","title":{"rendered":"\u041a\u043e\u043d\u0442\u0430\u043a\u0442"},"content":{"rendered":"<div class=\"wpb-content-wrapper\">[mk_page_section bg_image=&#187;http:\/\/www.uksestukseni.ee\/wp-content\/uploads\/2017\/07\/bg-02.jpg&#187; bg_color=&#187;#48423c&#187; bg_position=&#187;center center&#187; bg_stretch=&#187;true&#187; top_shape_color=&#187;#ffffff&#187; bottom_shape_style=&#187;folded-bottom&#187; bottom_shape_color=&#187;#ffffff&#187; sidebar=&#187;sidebar-1&#8243;][vc_column][vc_custom_heading source=&#187;post_title&#187; font_container=&#187;tag:h1|font_size:42|text_align:center|color:%23ffffff&#187; google_fonts=&#187;font_family:Roboto%3A100%2C100italic%2C300%2C300italic%2Cregular%2Citalic%2C500%2C500italic%2C700%2C700italic%2C900%2C900italic|font_style:100%20light%20regular%3A100%3Anormal&#187; css=&#187;.vc_custom_1504121939527{margin-bottom: 10px !important;}&#187;][vc_separator color=&#187;custom&#187; el_width=&#187;10&#8243; css_animation=&#187;bounceInLeft&#187; accent_color=&#187;#f6783f&#187; css=&#187;.vc_custom_1501538053853{margin-top: 10px !important;margin-bottom: 20px !important;}&#187;][\/vc_column][\/mk_page_section][mk_page_section bg_color=&#187;#f9f9f9&#8243; bg_position=&#187;center center&#187; bg_stretch=&#187;true&#187; enable_3d=&#187;true&#187; padding_top=&#187;30&#8243; padding_bottom=&#187;30&#8243; section_id=&#187;orderform&#187; sidebar=&#187;sidebar-1&#8243;][vc_column width=&#187;1\/2&#8243;][vc_row_inner][vc_column_inner width=&#187;1\/2&#8243;][vc_column_text]<strong>Transit Expert O\u00dc <\/strong><strong><br \/>\n<\/strong><\/p>\n<p>Reg. 14007922<br \/>\nKMKR: EE101859927<br \/>\nMustam\u00e4e tee 6b, Tallinn 10621[\/vc_column_text][vc_column_text]<strong>Swedbank<\/strong><br \/>\nEE922200221063776477<\/p>\n<p><strong>AS SEB Pank<\/strong><br \/>\nEE381010220256125224[\/vc_column_text][\/vc_column_inner][vc_column_inner width=&#187;1\/2&#8243;][vc_column_text]<strong>\u041e\u0431\u0449\u044f\u044f \u0438\u0444\u043d\u043e\u0440\u043c\u0430\u0446\u0438\u044f<\/strong><br \/>\n<a href=\"mailto:info@uksestukseni.ee\">info@uksestukseni.ee<\/a><br \/>\n<span style=\"color: #000000;\">Tel. +(372) 550 41 41<\/span><br \/>\n<span style=\"color: #f77900;\">\u2014\u2014\u2014\u2014\u2014\u2014\u2014\u2014\u2014-<br \/>\n<\/span><\/p>\n<p><strong>Artjom Velsio<br \/>\n<\/strong><\/p>\n<p>\u0423\u0441\u043b\u0443\u0433\u0438 \u043f\u043e \u043f\u0435\u0440\u0435\u0435\u0437\u0434\u0443, \u043f\u043e\u0434\u044a\u0435\u043c\u043d\u044b\u0435 \u0440\u0430\u0431\u043e\u0442\u044b.<br \/>\n\u041f\u0435\u0440\u0435\u0432\u043e\u0437\u043a\u0430 \u043c\u0435\u0431\u0435\u043b\u0438, \u0433\u0440\u0443\u0437\u043e\u043f\u0435\u0440\u0435\u0432\u043e\u0437\u043a\u0438, \u0442\u0440\u0430\u043d\u0441\u043f\u043e\u0440\u0442.<br \/>\n\u041c\u0435\u0436\u0434\u0443\u043d\u0430\u0440\u043e\u0434\u043d\u0430\u044f \u043b\u043e\u0433\u0438\u0441\u0442\u0438\u043a\u0430.<br \/>\n\u0421\u043f\u0435\u0446\u0438\u0430\u043b\u044c\u043d\u044b\u0435 \u043f\u043e\u0434\u044a\u0435\u043c\u044b \u0438 \u0438\u043d\u0434\u0438\u0432\u0438\u0434\u0443\u0430\u043b\u044c\u043d\u044b\u0435 \u0440\u0435\u0448\u0435\u043d\u0438\u044f.<\/p>\n<p><strong>Tel:<\/strong> <a href=\"tel:+(372) 53 43 70 69\">+(372) 53 43 70 69<\/a><br \/>\n<a href=\"mailto:velsio@uksestukseni.ee\">velsio@uksestukseni.ee<\/a>[\/vc_column_text][\/vc_column_inner][\/vc_row_inner][vc_separator color=&#187;sandy_brown&#187;][vc_row_inner][vc_column_inner width=&#187;1\/2&#8243;][vc_column_text]<strong>\u0412\u0440\u0435\u043c\u044f \u043d\u0430\u0448\u0435\u0439 \u0440\u0430\u0431\u043e\u0442\u044b<\/strong><\/p>\n<p><strong>\u041f\u043e\u043d-\u041f\u044f\u0442:<\/strong> 08:00 \u0434\u043e 18:00<br \/>\n<strong>\u0421:<\/strong> 10:00 \u0434\u043e 18:00<br \/>\n<strong>\u0412:<\/strong> 12:00 \u0434\u043e 18:00<br \/>\n<strong>\u0412\u0441\u0435 \u0434\u0440\u0443\u0433\u043e\u0435 \u0432\u0440\u0435\u043c\u044f:<\/strong> \u043f\u043e \u0434\u043e\u0433\u043e\u0432\u043e\u0440\u0435\u043d\u043d\u043e\u0441\u0442\u0438[\/vc_column_text][\/vc_column_inner][vc_column_inner width=&#187;1\/2&#8243;][vc_column_text]<strong>\u041d\u043e\u043c\u0435\u0440 \u043b\u0438\u0446\u0435\u043d\u0437\u0438\u0438 \u0443\u0442\u043b\u0438\u043b\u0437\u0430\u0446\u0438\u0438 reg. nr: <\/strong>L.J\u00c4\/333085[\/vc_column_text][\/vc_column_inner][\/vc_row_inner][\/vc_column][vc_column width=&#187;1\/2&#8243;][vc_column_text]\n<div class=\"wpcf7 no-js\" id=\"wpcf7-f4349-o1\" lang=\"et\" dir=\"ltr\" data-wpcf7-id=\"4349\">\n<div class=\"screen-reader-response\"><p role=\"status\" aria-live=\"polite\" aria-atomic=\"true\"><\/p> <ul><\/ul><\/div>\n<form action=\"\/ru\/wp-json\/wp\/v2\/pages\/3609#wpcf7-f4349-o1\" method=\"post\" class=\"wpcf7-form init cf7mls-no-scroll cf7mls-auto-return-first-step cf7mls-no-moving-animation\" aria-label=\"Contact form\" novalidate=\"novalidate\" data-status=\"init\">\n<fieldset class=\"hidden-fields-container\"><input type=\"hidden\" name=\"_wpcf7\" value=\"4349\" \/><input type=\"hidden\" name=\"_wpcf7_version\" value=\"6.1.4\" \/><input type=\"hidden\" name=\"_wpcf7_locale\" value=\"et\" \/><input type=\"hidden\" name=\"_wpcf7_unit_tag\" value=\"wpcf7-f4349-o1\" \/><input type=\"hidden\" name=\"_wpcf7_container_post\" value=\"0\" \/><input type=\"hidden\" name=\"_wpcf7_posted_data_hash\" value=\"\" \/><input type=\"hidden\" name=\"_wpcf7_recaptcha_response\" value=\"\" \/>\n<\/fieldset>\n<H1><b>\u041a\u043e\u043d\u0442\u0430\u043a\u0442\u043d\u0430\u044f \u0444\u043e\u0440\u043c\u0430<\/b>\n<\/h1>\n<p><strong>\n\t\t<text>\u041c\u044b \u043e\u0442\u0432\u0435\u0442\u0438\u043c \u0432 \u0442\u0435\u0447\u0435\u043d\u0438\u0435 3 \u0447\u0430\u0441\u043e\u0432.\n\t\t<\/text><\/strong>\n<\/p>\n<p><label> <b>\u0412\u0430\u0448\u0435 \u0438\u043c\u044f<\/b><br \/>\n<span class=\"wpcf7-form-control-wrap\" data-name=\"your-name\"><input size=\"40\" maxlength=\"400\" class=\"wpcf7-form-control wpcf7-text wpcf7-validates-as-required\" aria-required=\"true\" aria-invalid=\"false\" value=\"\" type=\"text\" name=\"your-name\" \/><\/span> <\/label>\n<\/p>\n<p><label> <b>\u0427\u0430\u0441\u0442\u043d\u043e\u0435 \u043b\u0438\u0446\u043e \/ \u041a\u043e\u043c\u043f\u0430\u043d\u0438\u044f<\/b><br \/>\n<span class=\"wpcf7-form-control-wrap\" data-name=\"menu-912\"><select class=\"wpcf7-form-control wpcf7-select\" aria-invalid=\"false\" name=\"menu-912\"><option value=\"\u0427\u0430\u0441\u0442\u043d\u043e\u0435 \u043b\u0438\u0446\u043e\">\u0427\u0430\u0441\u0442\u043d\u043e\u0435 \u043b\u0438\u0446\u043e<\/option><option value=\"\u041a\u043e\u043c\u043f\u0430\u043d\u0438\u044f\">\u041a\u043e\u043c\u043f\u0430\u043d\u0438\u044f<\/option><\/select><\/span> <\/label>\n<\/p>\n<p><label> <b>\u0410\u0434\u0440\u0435\u0441 \u044d\u043b\u0435\u043a\u0442\u0440\u043e\u043d\u043d\u043e\u0439 \u043f\u043e\u0447\u0442\u044b<\/b><br \/>\n<span class=\"wpcf7-form-control-wrap\" data-name=\"your-email\"><input size=\"40\" maxlength=\"400\" class=\"wpcf7-form-control wpcf7-email wpcf7-validates-as-required wpcf7-text wpcf7-validates-as-email\" aria-required=\"true\" aria-invalid=\"false\" value=\"\" type=\"email\" name=\"your-email\" \/><\/span> <\/label>\n<\/p>\n<p><label> <b>\u041d\u043e\u043c\u0435\u0440 \u0442\u0435\u043b\u0435\u0444\u043e\u043d\u0430<\/b><br \/>\n<span class=\"wpcf7-form-control-wrap\" data-name=\"your-phone\"><input size=\"40\" maxlength=\"400\" class=\"wpcf7-form-control wpcf7-text wpcf7-validates-as-required\" aria-required=\"true\" aria-invalid=\"false\" value=\"\" type=\"text\" name=\"your-phone\" \/><\/span> <\/label>\n<\/p>\n<p><label> <b>\u0412\u043e\u043f\u0440\u043e\u0441\u044b\/ \u043c\u044b\u0441\u043b\u0438\/ \u0438\u0434\u0435\u0438<\/b><br \/>\n<span class=\"wpcf7-form-control-wrap\" data-name=\"your-message\"><textarea cols=\"40\" rows=\"3\" maxlength=\"2000\" class=\"wpcf7-form-control wpcf7-textarea wpcf7-validates-as-required\" aria-required=\"true\" aria-invalid=\"false\" name=\"your-message\"><\/textarea><\/span> <\/label>\n<\/p>\n<p><label> \u0417\u0434\u0435\u0441\u044c \u0432\u044b \u043c\u043e\u0436\u0435\u0442\u0435 \u0437\u0430\u0433\u0440\u0443\u0437\u0438\u0442\u044c \u043e\u0434\u043d\u043e \u0438\u0437\u043e\u0431\u0440\u0430\u0436\u0435\u043d\u0438\u0435 \u0438\u043b\u0438 \u0434\u0440\u0443\u0433\u043e\u0439 \u0444\u0430\u0439\u043b. \u041c\u0430\u043a\u0441\u0438\u043c\u0430\u043b\u044c\u043d\u044b\u0439 \u0440\u0430\u0437\u0440\u0435\u0448\u0435\u043d\u043d\u044b\u0439 \u0440\u0430\u0437\u043c\u0435\u0440 - 10 \u041c\u0411.<br \/>\n<span class=\"wpcf7-form-control-wrap\" data-name=\"upload-file-934\"><input size=\"40\" class=\"wpcf7-form-control wpcf7-drag-n-drop-file d-none\" aria-invalid=\"false\" type=\"file\" multiple=\"multiple\" data-name=\"upload-file-934\" data-type=\"jpg|png|jpeg|pdf|gif|webm\" data-limit=\"15000000\" data-min=\"0\" data-max=\"10\" data-id=\"4349\" data-version=\"free version 1.3.9.3\" accept=\".jpg, .png, .jpeg, .pdf, .gif, .webm\" data-black-list=\"exe|bat|com|js|php|py\" \/><\/span><br \/>\n<\/label>\n<\/p>\n\n<p><input class=\"wpcf7-form-control wpcf7-submit has-spinner\" type=\"submit\" value=\"\u041e\u0442\u043f\u0440\u0430\u0432\u0438\u0442\u044c \u0437\u0430\u043f\u0440\u043e\u0441\" \/>\n<\/p><p style=\"display: none !important;\" class=\"akismet-fields-container\" data-prefix=\"_wpcf7_ak_\"><label>&#916;<textarea name=\"_wpcf7_ak_hp_textarea\" cols=\"45\" rows=\"8\" maxlength=\"100\"><\/textarea><\/label><input type=\"hidden\" id=\"ak_js_1\" name=\"_wpcf7_ak_js\" value=\"221\"\/><script>document.getElementById( \"ak_js_1\" ).setAttribute( \"value\", ( new Date() ).getTime() );<\/script><\/p><div class=\"wpcf7-response-output\" aria-hidden=\"true\"><\/div>\n<\/form>\n<\/div>\n[\/vc_column_text][\/vc_column][\/mk_page_section][mk_page_section full_width=&#187;true&#187; padding_top=&#187;0&#8243; padding_bottom=&#187;0&#8243; sidebar=&#187;sidebar-1&#8243;][\/mk_page_section]\n<\/div>","protected":false},"excerpt":{"rendered":"<p>[mk_page_section bg_image=&#187;http:\/\/www.uksestukseni.ee\/wp-content\/uploads\/2017\/07\/bg-02.jpg&#187; bg_color=&#187;#48423c&#187; bg_position=&#187;center center&#187; bg_stretch=&#187;true&#187; top_shape_color=&#187;#ffffff&#187; bottom_shape_style=&#187;folded-bottom&#187; bottom_shape_color=&#187;#ffffff&#187; sidebar=&#187;sidebar-1&#8243;][vc_column][vc_custom_heading source=&#187;post_title&#187; font_container=&#187;tag:h1|font_size:42|text_align:center|color:%23ffffff&#187; google_fonts=&#187;font_family:Roboto%3A100%2C100italic%2C300%2C300italic%2Cregular%2Citalic%2C500%2C500italic%2C700%2C700italic%2C900%2C900italic|font_style:100%20light%20regular%3A100%3Anormal&#187; css=&#187;.vc_custom_1504121939527{margin-bottom: 10px !important;}&#187;][vc_separator color=&#187;custom&#187; el_width=&#187;10&#8243; css_animation=&#187;bounceInLeft&#187; accent_color=&#187;#f6783f&#187; css=&#187;.vc_custom_1501538053853{margin-top: 10px !important;margin-bottom: 20px !important;}&#187;][\/vc_column][\/mk_page_section][mk_page_section bg_color=&#187;#f9f9f9&#8243; bg_position=&#187;center center&#187; bg_stretch=&#187;true&#187; enable_3d=&#187;true&#187; padding_top=&#187;30&#8243; padding_bottom=&#187;30&#8243; section_id=&#187;orderform&#187; sidebar=&#187;sidebar-1&#8243;][vc_column width=&#187;1\/2&#8243;][vc_row_inner][vc_column_inner width=&#187;1\/2&#8243;][vc_column_text]Transit Expert O\u00dc Reg. 14007922 KMKR: EE101859927 Mustam\u00e4e tee 6b, Tallinn 10621[\/vc_column_text][vc_column_text]Swedbank EE922200221063776477 AS SEB Pank EE381010220256125224[\/vc_column_text][\/vc_column_inner][vc_column_inner width=&#187;1\/2&#8243;][vc_column_text]\u041e\u0431\u0449\u044f\u044f \u0438\u0444\u043d\u043e\u0440\u043c\u0430\u0446\u0438\u044f info@uksestukseni.ee [&hellip;]<\/p>\n","protected":false},"author":3,"featured_media":0,"parent":0,"menu_order":0,"comment_status":"closed","ping_status":"closed","template":"","meta":{"footnotes":""},"class_list":["post-3609","page","type-page","status-publish","hentry"],"yoast_head":"<!-- This site is optimized with the Yoast SEO plugin v26.7 - https:\/\/yoast.com\/wordpress\/plugins\/seo\/ -->\n<title>\u041a\u043e\u043d\u0442\u0430\u043a\u0442 | Kolimisteenus Tallinnas - Abi kolimisel, M\u00f6\u00f6blivedu - T\u00f5steteenus korrusele<\/title>\n<meta name=\"robots\" content=\"index, follow, max-snippet:-1, max-image-preview:large, max-video-preview:-1\" \/>\n<link rel=\"canonical\" href=\"https:\/\/www.uksestukseni.ee\/ru\/\u043a\u043e\u043d\u0442\u0430\u043a\u0442\/\" \/>\n<meta property=\"og:locale\" content=\"ru_RU\" \/>\n<meta property=\"og:type\" content=\"article\" \/>\n<meta property=\"og:title\" content=\"\u041a\u043e\u043d\u0442\u0430\u043a\u0442 | Kolimisteenus Tallinnas - Abi kolimisel, M\u00f6\u00f6blivedu - T\u00f5steteenus korrusele\" \/>\n<meta property=\"og:description\" content=\"[mk_page_section bg_image=&#187;http:\/\/www.uksestukseni.ee\/wp-content\/uploads\/2017\/07\/bg-02.jpg&#187; bg_color=&#187;#48423c&#187; bg_position=&#187;center center&#187; bg_stretch=&#187;true&#187; top_shape_color=&#187;#ffffff&#187; bottom_shape_style=&#187;folded-bottom&#187; bottom_shape_color=&#187;#ffffff&#187; sidebar=&#187;sidebar-1&#8243;][vc_column][vc_custom_heading source=&#187;post_title&#187; font_container=&#187;tag:h1|font_size:42|text_align:center|color:%23ffffff&#187; google_fonts=&#187;font_family:Roboto%3A100%2C100italic%2C300%2C300italic%2Cregular%2Citalic%2C500%2C500italic%2C700%2C700italic%2C900%2C900italic|font_style:100%20light%20regular%3A100%3Anormal&#187; css=&#187;.vc_custom_1504121939527{margin-bottom: 10px !important;}&#187;][vc_separator color=&#187;custom&#187; el_width=&#187;10&#8243; css_animation=&#187;bounceInLeft&#187; accent_color=&#187;#f6783f&#187; css=&#187;.vc_custom_1501538053853{margin-top: 10px !important;margin-bottom: 20px !important;}&#187;][\/vc_column][\/mk_page_section][mk_page_section bg_color=&#187;#f9f9f9&#8243; bg_position=&#187;center center&#187; bg_stretch=&#187;true&#187; enable_3d=&#187;true&#187; padding_top=&#187;30&#8243; padding_bottom=&#187;30&#8243; section_id=&#187;orderform&#187; sidebar=&#187;sidebar-1&#8243;][vc_column width=&#187;1\/2&#8243;][vc_row_inner][vc_column_inner width=&#187;1\/2&#8243;][vc_column_text]Transit Expert O\u00dc Reg. 14007922 KMKR: EE101859927 Mustam\u00e4e tee 6b, Tallinn 10621[\/vc_column_text][vc_column_text]Swedbank EE922200221063776477 AS SEB Pank EE381010220256125224[\/vc_column_text][\/vc_column_inner][vc_column_inner width=&#187;1\/2&#8243;][vc_column_text]\u041e\u0431\u0449\u044f\u044f \u0438\u0444\u043d\u043e\u0440\u043c\u0430\u0446\u0438\u044f info@uksestukseni.ee [&hellip;]\" \/>\n<meta property=\"og:url\" content=\"https:\/\/www.uksestukseni.ee\/ru\/\u043a\u043e\u043d\u0442\u0430\u043a\u0442\/\" \/>\n<meta property=\"og:site_name\" content=\"Kolimisteenus Tallinnas - Abi kolimisel, M\u00f6\u00f6blivedu - T\u00f5steteenus korrusele\" \/>\n<meta property=\"article:publisher\" content=\"https:\/\/www.facebook.com\/uksestukseni\/\" \/>\n<meta property=\"article:modified_time\" content=\"2024-09-06T17:15:55+00:00\" \/>\n<meta name=\"twitter:card\" content=\"summary_large_image\" \/>\n<meta name=\"twitter:label1\" content=\"\u041f\u0440\u0438\u043c\u0435\u0440\u043d\u043e\u0435 \u0432\u0440\u0435\u043c\u044f \u0434\u043b\u044f \u0447\u0442\u0435\u043d\u0438\u044f\" \/>\n\t<meta name=\"twitter:data1\" content=\"1 \u043c\u0438\u043d\u0443\u0442\u0430\" \/>\n<script type=\"application\/ld+json\" class=\"yoast-schema-graph\">{\"@context\":\"https:\/\/schema.org\",\"@graph\":[{\"@type\":\"WebPage\",\"@id\":\"https:\/\/www.uksestukseni.ee\/ru\/%d0%ba%d0%be%d0%bd%d1%82%d0%b0%d0%ba%d1%82\/\",\"url\":\"https:\/\/www.uksestukseni.ee\/ru\/%d0%ba%d0%be%d0%bd%d1%82%d0%b0%d0%ba%d1%82\/\",\"name\":\"\u041a\u043e\u043d\u0442\u0430\u043a\u0442 | Kolimisteenus Tallinnas - Abi kolimisel, M\u00f6\u00f6blivedu - T\u00f5steteenus korrusele\",\"isPartOf\":{\"@id\":\"https:\/\/www.uksestukseni.ee\/#website\"},\"datePublished\":\"2021-05-29T18:14:16+00:00\",\"dateModified\":\"2024-09-06T17:15:55+00:00\",\"breadcrumb\":{\"@id\":\"https:\/\/www.uksestukseni.ee\/ru\/%d0%ba%d0%be%d0%bd%d1%82%d0%b0%d0%ba%d1%82\/#breadcrumb\"},\"inLanguage\":\"ru-RU\",\"potentialAction\":[{\"@type\":\"ReadAction\",\"target\":[\"https:\/\/www.uksestukseni.ee\/ru\/%d0%ba%d0%be%d0%bd%d1%82%d0%b0%d0%ba%d1%82\/\"]}]},{\"@type\":\"BreadcrumbList\",\"@id\":\"https:\/\/www.uksestukseni.ee\/ru\/%d0%ba%d0%be%d0%bd%d1%82%d0%b0%d0%ba%d1%82\/#breadcrumb\",\"itemListElement\":[{\"@type\":\"ListItem\",\"position\":1,\"name\":\"Home\",\"item\":\"https:\/\/www.uksestukseni.ee\/ru\/\"},{\"@type\":\"ListItem\",\"position\":2,\"name\":\"\u041a\u043e\u043d\u0442\u0430\u043a\u0442\"}]},{\"@type\":\"WebSite\",\"@id\":\"https:\/\/www.uksestukseni.ee\/#website\",\"url\":\"https:\/\/www.uksestukseni.ee\/\",\"name\":\"Kolimisteenus Tallinnas - Abi kolimisel, M\u00f6\u00f6blivedu - T\u00f5steteenus korrusele\",\"description\":\"Kolimisteenus Tallinnas - Abi kolimisel, M\u00f6\u00f6blivedu - T\u00f5steteenus korrusele\",\"publisher\":{\"@id\":\"https:\/\/www.uksestukseni.ee\/#organization\"},\"potentialAction\":[{\"@type\":\"SearchAction\",\"target\":{\"@type\":\"EntryPoint\",\"urlTemplate\":\"https:\/\/www.uksestukseni.ee\/?s={search_term_string}\"},\"query-input\":{\"@type\":\"PropertyValueSpecification\",\"valueRequired\":true,\"valueName\":\"search_term_string\"}}],\"inLanguage\":\"ru-RU\"},{\"@type\":\"Organization\",\"@id\":\"https:\/\/www.uksestukseni.ee\/#organization\",\"name\":\"Kolimisteenus Tallinnas Uksest Ukseni\",\"url\":\"https:\/\/www.uksestukseni.ee\/\",\"logo\":{\"@type\":\"ImageObject\",\"inLanguage\":\"ru-RU\",\"@id\":\"https:\/\/www.uksestukseni.ee\/#\/schema\/logo\/image\/\",\"url\":\"https:\/\/www.uksestukseni.ee\/wp-content\/uploads\/2017\/12\/logo.png\",\"contentUrl\":\"https:\/\/www.uksestukseni.ee\/wp-content\/uploads\/2017\/12\/logo.png\",\"width\":528,\"height\":189,\"caption\":\"Kolimisteenus Tallinnas Uksest Ukseni\"},\"image\":{\"@id\":\"https:\/\/www.uksestukseni.ee\/#\/schema\/logo\/image\/\"},\"sameAs\":[\"https:\/\/www.facebook.com\/uksestukseni\/\",\"https:\/\/www.instagram.com\/kolimisteenus\/\",\"https:\/\/www.youtube.com\/channel\/UC5-1GARIGLHRjOQqCDrOEfQ\"]}]}<\/script>\n<!-- \/ Yoast SEO plugin. -->","yoast_head_json":{"title":"\u041a\u043e\u043d\u0442\u0430\u043a\u0442 | Kolimisteenus Tallinnas - Abi kolimisel, M\u00f6\u00f6blivedu - T\u00f5steteenus korrusele","robots":{"index":"index","follow":"follow","max-snippet":"max-snippet:-1","max-image-preview":"max-image-preview:large","max-video-preview":"max-video-preview:-1"},"canonical":"https:\/\/www.uksestukseni.ee\/ru\/\u043a\u043e\u043d\u0442\u0430\u043a\u0442\/","og_locale":"ru_RU","og_type":"article","og_title":"\u041a\u043e\u043d\u0442\u0430\u043a\u0442 | Kolimisteenus Tallinnas - Abi kolimisel, M\u00f6\u00f6blivedu - T\u00f5steteenus korrusele","og_description":"[mk_page_section bg_image=&#187;http:\/\/www.uksestukseni.ee\/wp-content\/uploads\/2017\/07\/bg-02.jpg&#187; bg_color=&#187;#48423c&#187; bg_position=&#187;center center&#187; bg_stretch=&#187;true&#187; top_shape_color=&#187;#ffffff&#187; bottom_shape_style=&#187;folded-bottom&#187; bottom_shape_color=&#187;#ffffff&#187; sidebar=&#187;sidebar-1&#8243;][vc_column][vc_custom_heading source=&#187;post_title&#187; font_container=&#187;tag:h1|font_size:42|text_align:center|color:%23ffffff&#187; google_fonts=&#187;font_family:Roboto%3A100%2C100italic%2C300%2C300italic%2Cregular%2Citalic%2C500%2C500italic%2C700%2C700italic%2C900%2C900italic|font_style:100%20light%20regular%3A100%3Anormal&#187; css=&#187;.vc_custom_1504121939527{margin-bottom: 10px !important;}&#187;][vc_separator color=&#187;custom&#187; el_width=&#187;10&#8243; css_animation=&#187;bounceInLeft&#187; accent_color=&#187;#f6783f&#187; css=&#187;.vc_custom_1501538053853{margin-top: 10px !important;margin-bottom: 20px !important;}&#187;][\/vc_column][\/mk_page_section][mk_page_section bg_color=&#187;#f9f9f9&#8243; bg_position=&#187;center center&#187; bg_stretch=&#187;true&#187; enable_3d=&#187;true&#187; padding_top=&#187;30&#8243; padding_bottom=&#187;30&#8243; section_id=&#187;orderform&#187; sidebar=&#187;sidebar-1&#8243;][vc_column width=&#187;1\/2&#8243;][vc_row_inner][vc_column_inner width=&#187;1\/2&#8243;][vc_column_text]Transit Expert O\u00dc Reg. 14007922 KMKR: EE101859927 Mustam\u00e4e tee 6b, Tallinn 10621[\/vc_column_text][vc_column_text]Swedbank EE922200221063776477 AS SEB Pank EE381010220256125224[\/vc_column_text][\/vc_column_inner][vc_column_inner width=&#187;1\/2&#8243;][vc_column_text]\u041e\u0431\u0449\u044f\u044f \u0438\u0444\u043d\u043e\u0440\u043c\u0430\u0446\u0438\u044f info@uksestukseni.ee [&hellip;]","og_url":"https:\/\/www.uksestukseni.ee\/ru\/\u043a\u043e\u043d\u0442\u0430\u043a\u0442\/","og_site_name":"Kolimisteenus Tallinnas - Abi kolimisel, M\u00f6\u00f6blivedu - T\u00f5steteenus korrusele","article_publisher":"https:\/\/www.facebook.com\/uksestukseni\/","article_modified_time":"2024-09-06T17:15:55+00:00","twitter_card":"summary_large_image","twitter_misc":{"\u041f\u0440\u0438\u043c\u0435\u0440\u043d\u043e\u0435 \u0432\u0440\u0435\u043c\u044f \u0434\u043b\u044f \u0447\u0442\u0435\u043d\u0438\u044f":"1 \u043c\u0438\u043d\u0443\u0442\u0430"},"schema":{"@context":"https:\/\/schema.org","@graph":[{"@type":"WebPage","@id":"https:\/\/www.uksestukseni.ee\/ru\/%d0%ba%d0%be%d0%bd%d1%82%d0%b0%d0%ba%d1%82\/","url":"https:\/\/www.uksestukseni.ee\/ru\/%d0%ba%d0%be%d0%bd%d1%82%d0%b0%d0%ba%d1%82\/","name":"\u041a\u043e\u043d\u0442\u0430\u043a\u0442 | Kolimisteenus Tallinnas - Abi kolimisel, M\u00f6\u00f6blivedu - T\u00f5steteenus korrusele","isPartOf":{"@id":"https:\/\/www.uksestukseni.ee\/#website"},"datePublished":"2021-05-29T18:14:16+00:00","dateModified":"2024-09-06T17:15:55+00:00","breadcrumb":{"@id":"https:\/\/www.uksestukseni.ee\/ru\/%d0%ba%d0%be%d0%bd%d1%82%d0%b0%d0%ba%d1%82\/#breadcrumb"},"inLanguage":"ru-RU","potentialAction":[{"@type":"ReadAction","target":["https:\/\/www.uksestukseni.ee\/ru\/%d0%ba%d0%be%d0%bd%d1%82%d0%b0%d0%ba%d1%82\/"]}]},{"@type":"BreadcrumbList","@id":"https:\/\/www.uksestukseni.ee\/ru\/%d0%ba%d0%be%d0%bd%d1%82%d0%b0%d0%ba%d1%82\/#breadcrumb","itemListElement":[{"@type":"ListItem","position":1,"name":"Home","item":"https:\/\/www.uksestukseni.ee\/ru\/"},{"@type":"ListItem","position":2,"name":"\u041a\u043e\u043d\u0442\u0430\u043a\u0442"}]},{"@type":"WebSite","@id":"https:\/\/www.uksestukseni.ee\/#website","url":"https:\/\/www.uksestukseni.ee\/","name":"Kolimisteenus Tallinnas - Abi kolimisel, M\u00f6\u00f6blivedu - T\u00f5steteenus korrusele","description":"Kolimisteenus Tallinnas - Abi kolimisel, M\u00f6\u00f6blivedu - T\u00f5steteenus korrusele","publisher":{"@id":"https:\/\/www.uksestukseni.ee\/#organization"},"potentialAction":[{"@type":"SearchAction","target":{"@type":"EntryPoint","urlTemplate":"https:\/\/www.uksestukseni.ee\/?s={search_term_string}"},"query-input":{"@type":"PropertyValueSpecification","valueRequired":true,"valueName":"search_term_string"}}],"inLanguage":"ru-RU"},{"@type":"Organization","@id":"https:\/\/www.uksestukseni.ee\/#organization","name":"Kolimisteenus Tallinnas Uksest Ukseni","url":"https:\/\/www.uksestukseni.ee\/","logo":{"@type":"ImageObject","inLanguage":"ru-RU","@id":"https:\/\/www.uksestukseni.ee\/#\/schema\/logo\/image\/","url":"https:\/\/www.uksestukseni.ee\/wp-content\/uploads\/2017\/12\/logo.png","contentUrl":"https:\/\/www.uksestukseni.ee\/wp-content\/uploads\/2017\/12\/logo.png","width":528,"height":189,"caption":"Kolimisteenus Tallinnas Uksest Ukseni"},"image":{"@id":"https:\/\/www.uksestukseni.ee\/#\/schema\/logo\/image\/"},"sameAs":["https:\/\/www.facebook.com\/uksestukseni\/","https:\/\/www.instagram.com\/kolimisteenus\/","https:\/\/www.youtube.com\/channel\/UC5-1GARIGLHRjOQqCDrOEfQ"]}]}},"_links":{"self":[{"href":"https:\/\/www.uksestukseni.ee\/ru\/wp-json\/wp\/v2\/pages\/3609","targetHints":{"allow":["GET"]}}],"collection":[{"href":"https:\/\/www.uksestukseni.ee\/ru\/wp-json\/wp\/v2\/pages"}],"about":[{"href":"https:\/\/www.uksestukseni.ee\/ru\/wp-json\/wp\/v2\/types\/page"}],"author":[{"embeddable":true,"href":"https:\/\/www.uksestukseni.ee\/ru\/wp-json\/wp\/v2\/users\/3"}],"replies":[{"embeddable":true,"href":"https:\/\/www.uksestukseni.ee\/ru\/wp-json\/wp\/v2\/comments?post=3609"}],"version-history":[{"count":4,"href":"https:\/\/www.uksestukseni.ee\/ru\/wp-json\/wp\/v2\/pages\/3609\/revisions"}],"predecessor-version":[{"id":4790,"href":"https:\/\/www.uksestukseni.ee\/ru\/wp-json\/wp\/v2\/pages\/3609\/revisions\/4790"}],"wp:attachment":[{"href":"https:\/\/www.uksestukseni.ee\/ru\/wp-json\/wp\/v2\/media?parent=3609"}],"curies":[{"name":"wp","href":"https:\/\/api.w.org\/{rel}","templated":true}]}}