{"id":3259,"date":"2017-08-02T14:00:09","date_gmt":"2017-08-02T11:00:09","guid":{"rendered":"https:\/\/www.uksestukseni.ee\/vana-moobli-aravedu-prugivedu\/"},"modified":"2021-05-20T08:59:38","modified_gmt":"2021-05-20T05:59:38","slug":"old-furniture-waste-removal-services","status":"publish","type":"page","link":"https:\/\/www.uksestukseni.ee\/en\/old-furniture-waste-removal-services\/","title":{"rendered":"Old furniture waste removal services"},"content":{"rendered":"<div class=\"wpb-content-wrapper\">[mk_page_section bg_image=&#8221;http:\/\/www.uksestukseni.ee\/wp-content\/uploads\/2017\/07\/bg-02.jpg&#8221; bg_color=&#8221;#48423c&#8221; bg_position=&#8221;center center&#8221; bg_stretch=&#8221;true&#8221; top_shape_color=&#8221;#ffffff&#8221; bottom_shape_style=&#8221;folded-bottom&#8221; bottom_shape_color=&#8221;#ffffff&#8221; sidebar=&#8221;sidebar-1&#8243;][vc_column][vc_custom_heading source=&#8221;post_title&#8221; font_container=&#8221;tag:h1|font_size:42|text_align:center|color:%23ffffff&#8221; google_fonts=&#8221;font_family:Roboto%3A100%2C100italic%2C300%2C300italic%2Cregular%2Citalic%2C500%2C500italic%2C700%2C700italic%2C900%2C900italic|font_style:100%20light%20regular%3A100%3Anormal&#8221; css=&#8221;.vc_custom_1504163147085{margin-bottom: 10px !important;}&#8221;][vc_separator color=&#8221;custom&#8221; el_width=&#8221;10&#8243; css_animation=&#8221;bounceInLeft&#8221; accent_color=&#8221;#f6783f&#8221; css=&#8221;.vc_custom_1501538053853{margin-top: 10px !important;margin-bottom: 20px !important;}&#8221;][\/vc_column][\/mk_page_section][mk_page_section padding_top=&#8221;30&#8243; padding_bottom=&#8221;30&#8243; sidebar=&#8221;sidebar-1&#8243;][vc_column][vc_row_inner][vc_column_inner][vc_custom_heading text=&#8221;Removal of old furniture, removal of construction debris, utilization of furniture in Tallinn. Workers help dispose of rubbish in containers. Waste permit reg. No: L.J\u00c4 \/ 333085.<br \/>\nOld furniture removal is an on-demand service for having just about any type of furniture removed from your home or business.&#8221; font_container=&#8221;tag:h5|font_size:22|text_align:left|color:%233f3f3f&#8221; google_fonts=&#8221;font_family:Roboto%3A100%2C100italic%2C300%2C300italic%2Cregular%2Citalic%2C500%2C500italic%2C700%2C700italic%2C900%2C900italic|font_style:300%20light%20regular%3A300%3Anormal&#8221; css=&#8221;.vc_custom_1621489525398{margin-bottom: 10px !important;}&#8221;][vc_separator color=&#8221;custom&#8221; align=&#8221;align_left&#8221; el_width=&#8221;10&#8243; css_animation=&#8221;none&#8221; accent_color=&#8221;#f6783f&#8221; css=&#8221;.vc_custom_1501601503081{margin-top: 10px !important;margin-bottom: 20px !important;}&#8221;][\/vc_column_inner][\/vc_row_inner][vc_separator][vc_row_inner][vc_column_inner width=&#8221;1\/2&#8243;][vc_custom_heading text=&#8221;What to do with old furniture?&#8221; font_container=&#8221;tag:p|font_size:22|text_align:left|color:%233f3f3f&#8221; google_fonts=&#8221;font_family:Roboto%3A100%2C100italic%2C300%2C300italic%2Cregular%2Citalic%2C500%2C500italic%2C700%2C700italic%2C900%2C900italic|font_style:300%20light%20regular%3A300%3Anormal&#8221; css=&#8221;.vc_custom_1621489563072{margin-bottom: 10px !important;}&#8221;][mk_custom_list style=&#8221;mk-icon-angle-right&#8221;]Old furniture belongs to large garbage, which due to its size cannot be placed in a garbage container. Of course, the furniture can be left aside in the container, but in this case the holder of the rubbish, who may be, for example, an apartment association, must order the removal of the rubbish within three calendar days.<\/p>\n<p>If you are ready to get rid of old furniture and do not want to solve the issue of its transportation yourself, you can use our removal service. All you have to do is call and agree on the time and cost.<\/p>\n<p><span style=\"color: #ff6600;\">\u00bb\u00a0<\/span>Sections and cabinets (wardrobes, display cabinets, sideboards, shoe cabinets).<br \/>\n<span style=\"color: #ff6600;\">\u00bb\u00a0<\/span>Chests of drawers, chairs and tables (TV tables, coffee tables, office tables).<br \/>\n<span style=\"color: #ff6600;\">\u00bb\u00a0<\/span>Wall hangings, garden furniture.<br \/>\n<span style=\"color: #ff6600;\">\u00bb\u00a0<\/span>Everything related to untreated and treated wood furniture.<br \/>\n<span style=\"color: #ff6600;\">\u00bb\u00a0<\/span>Old office furniture.[\/mk_custom_list][\/vc_column_inner][vc_column_inner width=&#8221;1\/2&#8243;][vc_custom_heading text=&#8221;Removal of old firnutire and junk from office or home to the waste station.&#8221; font_container=&#8221;tag:p|font_size:22|text_align:left|color:%233f3f3f&#8221; google_fonts=&#8221;font_family:Roboto%3A100%2C100italic%2C300%2C300italic%2Cregular%2Citalic%2C500%2C500italic%2C700%2C700italic%2C900%2C900italic|font_style:300%20light%20regular%3A300%3Anormal&#8221; css=&#8221;.vc_custom_1621489665596{margin-bottom: 10px !important;}&#8221;][mk_custom_list style=&#8221;mk-icon-angle-right&#8221;]It&#8217;s time to clean up if you want to throw away all your old stuff from home or the office.<br \/>\nOver time, it involves a variety of wastes, often large and heavy, which take up a lot of space and do nothing at first glance. Not to mention a smaller type of waste.<\/p>\n<p>The thought of this can be a real problem &#8211; how, where and what to do with old cola?<\/p>\n<p>Do not worry. We offer a removal and disposal service for a waste station. Our team will arrive, dismantle if necessary, collect all the stuff, store it in the car and dispose of it at the waste station. Fast and worry-free service.<\/p>\n<p style=\"text-align: right;\"><a href=\"https:\/\/www.uksestukseni.ee\/en\/\">www.uksestukseni.ee\/en<\/a><\/p>\n[\/mk_custom_list][\/vc_column_inner][\/vc_row_inner][vc_separator][vc_row_inner][vc_column_inner width=&#8221;1\/3&#8243;][vc_custom_heading text=&#8221;How is the service calculated?&#8221; font_container=&#8221;tag:p|font_size:22|text_align:left|color:%233f3f3f&#8221; google_fonts=&#8221;font_family:Roboto%3A100%2C100italic%2C300%2C300italic%2Cregular%2Citalic%2C500%2C500italic%2C700%2C700italic%2C900%2C900italic|font_style:300%20light%20regular%3A300%3Anormal&#8221; css=&#8221;.vc_custom_1621489730757{margin-bottom: 10px !important;}&#8221;][mk_custom_list style=&#8221;mk-icon-angle-right&#8221;]<strong>There are two prices for utilisation<\/strong><\/p>\n<ul>\n<li>Our hourly rate, for example with two workers from 48 eur (within a working week), the price includes VAT, two movers and a car. Time calculation to the nearest quarter of an hour. The working hours start when the movers come to the Customer&#8217;s address and end when all the items to be disposed of have been discarded and the waste station invoice has been received.<\/li>\n<li>Each waste station charges money for disposal. The price depends on what exactly is thrown away. For example &#8211; dismantled old furniture and sofas. At the waste station, it is called \u201cLarge Waste\u201d with a price of up to 30 euros per 1 m\u00b3.<br \/>\nThe service station operator evaluates and measures the quantity in the car, the length, width and height of the obtained quantity are multiplied by each other, so the amount of cubic meter is obtained and then multiplied by the price of \u201cLarge Waste\u201d, ie up to 30 euros<br \/>\nIn total, the total cost of the service is: hourly fee + waste station bill<\/li>\n<\/ul>\n[\/mk_custom_list][\/vc_column_inner][vc_column_inner width=&#8221;1\/3&#8243;][vc_custom_heading text=&#8221;How is the amount of waste calculated at the waste station?&#8221; font_container=&#8221;tag:p|font_size:22|text_align:left|color:%233f3f3f&#8221; google_fonts=&#8221;font_family:Roboto%3A100%2C100italic%2C300%2C300italic%2Cregular%2Citalic%2C500%2C500italic%2C700%2C700italic%2C900%2C900italic|font_style:300%20light%20regular%3A300%3Anormal&#8221; css=&#8221;.vc_custom_1621489837638{margin-bottom: 10px !important;}&#8221;][mk_custom_list style=&#8221;mk-icon-angle-right&#8221;]\n<ul>\n<li><strong>By weight:<\/strong>\n<ul>\n<li>Construction and demolition waste 72.00 eur per ton VAT<\/li>\n<li>Municipal waste 78.00 eur per ton with VAT<\/li>\n<li>Mixed waste 90.00 eur per ton with VAT<\/li>\n<\/ul>\n<\/li>\n<li><strong>M\u00b3 per cubic meter<\/strong> (object length times height times width), then multiplied by the price of the discarded object category. Common categories:\n<ul>\n<li>Mixed construction and demolition waste up to 30 eur \/ m\u00b3<\/li>\n<li>Large waste (unusable furniture) up to 30 eur \/ m\u00b3<\/li>\n<li>Processed wood up to 30 eur \/ m\u00b3<\/li>\n<\/ul>\n<\/li>\n<\/ul>\n[\/mk_custom_list][vc_single_image image=&#8221;2093&#8243; img_size=&#8221;270&#215;270&#8243;][\/vc_column_inner][vc_column_inner width=&#8221;1\/3&#8243;][vc_custom_heading text=&#8221;What can be disposed of free of charge at no extra charge?&#8221; font_container=&#8221;tag:p|font_size:22|text_align:left|color:%233f3f3f&#8221; google_fonts=&#8221;font_family:Roboto%3A100%2C100italic%2C300%2C300italic%2Cregular%2Citalic%2C500%2C500italic%2C700%2C700italic%2C900%2C900italic|font_style:300%20light%20regular%3A300%3Anormal&#8221; css=&#8221;.vc_custom_1621490060137{margin-bottom: 10px !important;}&#8221;][mk_custom_list style=&#8221;mk-icon-angle-right&#8221;]\n<ul>\n<li>Electrical and electronic equipment<\/li>\n<li>Metals<\/li>\n<li>Paper and cardboard<\/li>\n<\/ul>\n[\/mk_custom_list][\/vc_column_inner][\/vc_row_inner][vc_separator][vc_row_inner][vc_column_inner][vc_custom_heading text=&#8221;Recommendations&#8221; font_container=&#8221;tag:p|font_size:22|text_align:left|color:%233f3f3f&#8221; google_fonts=&#8221;font_family:Roboto%3A100%2C100italic%2C300%2C300italic%2Cregular%2Citalic%2C500%2C500italic%2C700%2C700italic%2C900%2C900italic|font_style:300%20light%20regular%3A300%3Anormal&#8221; css=&#8221;.vc_custom_1621490078920{margin-bottom: 10px !important;}&#8221;][vc_separator color=&#8221;custom&#8221; align=&#8221;align_left&#8221; el_width=&#8221;10&#8243; css_animation=&#8221;none&#8221; accent_color=&#8221;#f6783f&#8221; css=&#8221;.vc_custom_1501601503081{margin-top: 10px !important;margin-bottom: 20px !important;}&#8221;][mk_custom_list style=&#8221;mk-icon-angle-right&#8221;]\n<ul>\n<li>We always offer our customers to come to the waste station with us, because utilization is half as cheap for private individuals and Tallinn residents. For example, for us as a company, the utilization of 1 piece of old furniture is about 30 eur, but for a private individual it is 20 eur, and for a private individual it is about 30% cheaper to utilize.<\/li>\n<li>Sort waste separately, sorted waste is cheaper than mixed waste. Separate packaging, separate wood, separate demolition waste, etc.<\/li>\n<li>Always disassemble the furniture into pieces, the volume of disassembled furniture is smaller than the whole cabinet. There is no point in paying for the contents of an empty cabinet.<\/li>\n<li>If the furniture is in good condition and usable, we can always transport it to the <a href=\"http:\/\/www.uuskasutuskeskus.ee\/\">Recycling Center<\/a>, it will be cheaper than paying for disposal. Before visiting www.uuskasutuskeskus.ee, you must contact them and receive confirmation of receipt of the furniture<\/li>\n<\/ul>\n[\/mk_custom_list][\/vc_column_inner][\/vc_row_inner][vc_separator][vc_row_inner][vc_column_inner][vc_gallery type=&#8221;image_grid&#8221; images=&#8221;1330,1312,1303,1318,1306,1309,1315,1321,1324,1327,1333&#8243;][\/vc_column_inner][\/vc_row_inner][vc_separator][mk_button dimension=&#8221;flat&#8221; corner_style=&#8221;rounded&#8221; size=&#8221;large&#8221; url=&#8221;\/en\/contact&#8221; align=&#8221;center&#8221; margin_top=&#8221;15&#8243; btn_hover_bg=&#8221;#e5541a&#8221; btn_hover_txt_color=&#8221;#ffffff&#8221;]Contact us[\/mk_button][\/vc_column][\/mk_page_section]\n<\/div>","protected":false},"excerpt":{"rendered":"<p>[mk_page_section bg_image=&#8221;http:\/\/www.uksestukseni.ee\/wp-content\/uploads\/2017\/07\/bg-02.jpg&#8221; bg_color=&#8221;#48423c&#8221; bg_position=&#8221;center center&#8221; bg_stretch=&#8221;true&#8221; top_shape_color=&#8221;#ffffff&#8221; bottom_shape_style=&#8221;folded-bottom&#8221; bottom_shape_color=&#8221;#ffffff&#8221; sidebar=&#8221;sidebar-1&#8243;][vc_column][vc_custom_heading source=&#8221;post_title&#8221; font_container=&#8221;tag:h1|font_size:42|text_align:center|color:%23ffffff&#8221; google_fonts=&#8221;font_family:Roboto%3A100%2C100italic%2C300%2C300italic%2Cregular%2Citalic%2C500%2C500italic%2C700%2C700italic%2C900%2C900italic|font_style:100%20light%20regular%3A100%3Anormal&#8221; css=&#8221;.vc_custom_1504163147085{margin-bottom: 10px !important;}&#8221;][vc_separator color=&#8221;custom&#8221; el_width=&#8221;10&#8243; css_animation=&#8221;bounceInLeft&#8221; accent_color=&#8221;#f6783f&#8221; css=&#8221;.vc_custom_1501538053853{margin-top: 10px !important;margin-bottom: 20px !important;}&#8221;][\/vc_column][\/mk_page_section][mk_page_section padding_top=&#8221;30&#8243; padding_bottom=&#8221;30&#8243; sidebar=&#8221;sidebar-1&#8243;][vc_column][vc_row_inner][vc_column_inner][vc_custom_heading text=&#8221;Removal of old furniture, removal of construction debris, utilization of furniture in Tallinn. Workers help dispose of rubbish in containers. Waste permit reg. No: L.J\u00c4 \/ 333085. [&hellip;]<\/p>\n","protected":false},"author":1,"featured_media":2137,"parent":0,"menu_order":0,"comment_status":"closed","ping_status":"closed","template":"","meta":{"footnotes":""},"class_list":["post-3259","page","type-page","status-publish","has-post-thumbnail","hentry"],"yoast_head":"<!-- This site is optimized with the Yoast SEO plugin v26.7 - https:\/\/yoast.com\/wordpress\/plugins\/seo\/ -->\n<title>Old furniture waste removal services in Tallinn. Furniture removals.<\/title>\n<meta name=\"description\" content=\"Old furniture waste removal service is an on-demand service for having just about any type of furniture removed from your home or business.\" \/>\n<meta name=\"robots\" content=\"index, follow, max-snippet:-1, max-image-preview:large, max-video-preview:-1\" \/>\n<link rel=\"canonical\" href=\"https:\/\/www.uksestukseni.ee\/en\/old-furniture-waste-removal-services\/\" \/>\n<meta property=\"og:locale\" content=\"en_US\" \/>\n<meta property=\"og:type\" content=\"article\" \/>\n<meta property=\"og:title\" content=\"Old furniture waste removal services in Tallinn. Furniture removals.\" \/>\n<meta property=\"og:description\" content=\"Old furniture waste removal service is an on-demand service for having just about any type of furniture removed from your home or business.\" \/>\n<meta property=\"og:url\" content=\"https:\/\/www.uksestukseni.ee\/en\/old-furniture-waste-removal-services\/\" \/>\n<meta property=\"og:site_name\" content=\"Kolimisteenus Tallinnas - Abi kolimisel, M\u00f6\u00f6blivedu - T\u00f5steteenus korrusele\" \/>\n<meta property=\"article:publisher\" content=\"https:\/\/www.facebook.com\/uksestukseni\/\" \/>\n<meta property=\"article:modified_time\" content=\"2021-05-20T05:59:38+00:00\" \/>\n<meta property=\"og:image\" content=\"https:\/\/www.uksestukseni.ee\/wp-content\/uploads\/2019\/07\/kolimisteenus-uksest-ukseni-kolimine-odav-kolimisteenus-odav-kolimine-kolimisteenused-10.jpg\" \/>\n\t<meta property=\"og:image:width\" content=\"1280\" \/>\n\t<meta property=\"og:image:height\" content=\"960\" \/>\n\t<meta property=\"og:image:type\" content=\"image\/jpeg\" \/>\n<meta name=\"twitter:card\" content=\"summary_large_image\" \/>\n<meta name=\"twitter:label1\" content=\"Est. reading time\" \/>\n\t<meta name=\"twitter:data1\" content=\"4 minutes\" \/>\n<script type=\"application\/ld+json\" class=\"yoast-schema-graph\">{\"@context\":\"https:\/\/schema.org\",\"@graph\":[{\"@type\":\"WebPage\",\"@id\":\"https:\/\/www.uksestukseni.ee\/en\/old-furniture-waste-removal-services\/\",\"url\":\"https:\/\/www.uksestukseni.ee\/en\/old-furniture-waste-removal-services\/\",\"name\":\"Old furniture waste removal services in Tallinn. Furniture removals.\",\"isPartOf\":{\"@id\":\"https:\/\/www.uksestukseni.ee\/#website\"},\"primaryImageOfPage\":{\"@id\":\"https:\/\/www.uksestukseni.ee\/en\/old-furniture-waste-removal-services\/#primaryimage\"},\"image\":{\"@id\":\"https:\/\/www.uksestukseni.ee\/en\/old-furniture-waste-removal-services\/#primaryimage\"},\"thumbnailUrl\":\"https:\/\/www.uksestukseni.ee\/wp-content\/uploads\/2019\/07\/kolimisteenus-uksest-ukseni-kolimine-odav-kolimisteenus-odav-kolimine-kolimisteenused-10.jpg\",\"datePublished\":\"2017-08-02T11:00:09+00:00\",\"dateModified\":\"2021-05-20T05:59:38+00:00\",\"description\":\"Old furniture waste removal service is an on-demand service for having just about any type of furniture removed from your home or business.\",\"breadcrumb\":{\"@id\":\"https:\/\/www.uksestukseni.ee\/en\/old-furniture-waste-removal-services\/#breadcrumb\"},\"inLanguage\":\"en-US\",\"potentialAction\":[{\"@type\":\"ReadAction\",\"target\":[\"https:\/\/www.uksestukseni.ee\/en\/old-furniture-waste-removal-services\/\"]}]},{\"@type\":\"ImageObject\",\"inLanguage\":\"en-US\",\"@id\":\"https:\/\/www.uksestukseni.ee\/en\/old-furniture-waste-removal-services\/#primaryimage\",\"url\":\"https:\/\/www.uksestukseni.ee\/wp-content\/uploads\/2019\/07\/kolimisteenus-uksest-ukseni-kolimine-odav-kolimisteenus-odav-kolimine-kolimisteenused-10.jpg\",\"contentUrl\":\"https:\/\/www.uksestukseni.ee\/wp-content\/uploads\/2019\/07\/kolimisteenus-uksest-ukseni-kolimine-odav-kolimisteenus-odav-kolimine-kolimisteenused-10.jpg\",\"width\":1280,\"height\":960},{\"@type\":\"BreadcrumbList\",\"@id\":\"https:\/\/www.uksestukseni.ee\/en\/old-furniture-waste-removal-services\/#breadcrumb\",\"itemListElement\":[{\"@type\":\"ListItem\",\"position\":1,\"name\":\"Home\",\"item\":\"https:\/\/www.uksestukseni.ee\/en\/\"},{\"@type\":\"ListItem\",\"position\":2,\"name\":\"Old furniture waste removal services\"}]},{\"@type\":\"WebSite\",\"@id\":\"https:\/\/www.uksestukseni.ee\/#website\",\"url\":\"https:\/\/www.uksestukseni.ee\/\",\"name\":\"Kolimisteenus Tallinnas - Abi kolimisel, M\u00f6\u00f6blivedu - T\u00f5steteenus korrusele\",\"description\":\"Kolimisteenus Tallinnas - Abi kolimisel, M\u00f6\u00f6blivedu - T\u00f5steteenus korrusele\",\"publisher\":{\"@id\":\"https:\/\/www.uksestukseni.ee\/#organization\"},\"potentialAction\":[{\"@type\":\"SearchAction\",\"target\":{\"@type\":\"EntryPoint\",\"urlTemplate\":\"https:\/\/www.uksestukseni.ee\/?s={search_term_string}\"},\"query-input\":{\"@type\":\"PropertyValueSpecification\",\"valueRequired\":true,\"valueName\":\"search_term_string\"}}],\"inLanguage\":\"en-US\"},{\"@type\":\"Organization\",\"@id\":\"https:\/\/www.uksestukseni.ee\/#organization\",\"name\":\"Kolimisteenus Tallinnas Uksest Ukseni\",\"url\":\"https:\/\/www.uksestukseni.ee\/\",\"logo\":{\"@type\":\"ImageObject\",\"inLanguage\":\"en-US\",\"@id\":\"https:\/\/www.uksestukseni.ee\/#\/schema\/logo\/image\/\",\"url\":\"https:\/\/www.uksestukseni.ee\/wp-content\/uploads\/2017\/12\/logo.png\",\"contentUrl\":\"https:\/\/www.uksestukseni.ee\/wp-content\/uploads\/2017\/12\/logo.png\",\"width\":528,\"height\":189,\"caption\":\"Kolimisteenus Tallinnas Uksest Ukseni\"},\"image\":{\"@id\":\"https:\/\/www.uksestukseni.ee\/#\/schema\/logo\/image\/\"},\"sameAs\":[\"https:\/\/www.facebook.com\/uksestukseni\/\",\"https:\/\/www.instagram.com\/kolimisteenus\/\",\"https:\/\/www.youtube.com\/channel\/UC5-1GARIGLHRjOQqCDrOEfQ\"]}]}<\/script>\n<!-- \/ Yoast SEO plugin. -->","yoast_head_json":{"title":"Old furniture waste removal services in Tallinn. Furniture removals.","description":"Old furniture waste removal service is an on-demand service for having just about any type of furniture removed from your home or business.","robots":{"index":"index","follow":"follow","max-snippet":"max-snippet:-1","max-image-preview":"max-image-preview:large","max-video-preview":"max-video-preview:-1"},"canonical":"https:\/\/www.uksestukseni.ee\/en\/old-furniture-waste-removal-services\/","og_locale":"en_US","og_type":"article","og_title":"Old furniture waste removal services in Tallinn. Furniture removals.","og_description":"Old furniture waste removal service is an on-demand service for having just about any type of furniture removed from your home or business.","og_url":"https:\/\/www.uksestukseni.ee\/en\/old-furniture-waste-removal-services\/","og_site_name":"Kolimisteenus Tallinnas - Abi kolimisel, M\u00f6\u00f6blivedu - T\u00f5steteenus korrusele","article_publisher":"https:\/\/www.facebook.com\/uksestukseni\/","article_modified_time":"2021-05-20T05:59:38+00:00","og_image":[{"width":1280,"height":960,"url":"https:\/\/www.uksestukseni.ee\/wp-content\/uploads\/2019\/07\/kolimisteenus-uksest-ukseni-kolimine-odav-kolimisteenus-odav-kolimine-kolimisteenused-10.jpg","type":"image\/jpeg"}],"twitter_card":"summary_large_image","twitter_misc":{"Est. reading time":"4 minutes"},"schema":{"@context":"https:\/\/schema.org","@graph":[{"@type":"WebPage","@id":"https:\/\/www.uksestukseni.ee\/en\/old-furniture-waste-removal-services\/","url":"https:\/\/www.uksestukseni.ee\/en\/old-furniture-waste-removal-services\/","name":"Old furniture waste removal services in Tallinn. Furniture removals.","isPartOf":{"@id":"https:\/\/www.uksestukseni.ee\/#website"},"primaryImageOfPage":{"@id":"https:\/\/www.uksestukseni.ee\/en\/old-furniture-waste-removal-services\/#primaryimage"},"image":{"@id":"https:\/\/www.uksestukseni.ee\/en\/old-furniture-waste-removal-services\/#primaryimage"},"thumbnailUrl":"https:\/\/www.uksestukseni.ee\/wp-content\/uploads\/2019\/07\/kolimisteenus-uksest-ukseni-kolimine-odav-kolimisteenus-odav-kolimine-kolimisteenused-10.jpg","datePublished":"2017-08-02T11:00:09+00:00","dateModified":"2021-05-20T05:59:38+00:00","description":"Old furniture waste removal service is an on-demand service for having just about any type of furniture removed from your home or business.","breadcrumb":{"@id":"https:\/\/www.uksestukseni.ee\/en\/old-furniture-waste-removal-services\/#breadcrumb"},"inLanguage":"en-US","potentialAction":[{"@type":"ReadAction","target":["https:\/\/www.uksestukseni.ee\/en\/old-furniture-waste-removal-services\/"]}]},{"@type":"ImageObject","inLanguage":"en-US","@id":"https:\/\/www.uksestukseni.ee\/en\/old-furniture-waste-removal-services\/#primaryimage","url":"https:\/\/www.uksestukseni.ee\/wp-content\/uploads\/2019\/07\/kolimisteenus-uksest-ukseni-kolimine-odav-kolimisteenus-odav-kolimine-kolimisteenused-10.jpg","contentUrl":"https:\/\/www.uksestukseni.ee\/wp-content\/uploads\/2019\/07\/kolimisteenus-uksest-ukseni-kolimine-odav-kolimisteenus-odav-kolimine-kolimisteenused-10.jpg","width":1280,"height":960},{"@type":"BreadcrumbList","@id":"https:\/\/www.uksestukseni.ee\/en\/old-furniture-waste-removal-services\/#breadcrumb","itemListElement":[{"@type":"ListItem","position":1,"name":"Home","item":"https:\/\/www.uksestukseni.ee\/en\/"},{"@type":"ListItem","position":2,"name":"Old furniture waste removal services"}]},{"@type":"WebSite","@id":"https:\/\/www.uksestukseni.ee\/#website","url":"https:\/\/www.uksestukseni.ee\/","name":"Kolimisteenus Tallinnas - Abi kolimisel, M\u00f6\u00f6blivedu - T\u00f5steteenus korrusele","description":"Kolimisteenus Tallinnas - Abi kolimisel, M\u00f6\u00f6blivedu - T\u00f5steteenus korrusele","publisher":{"@id":"https:\/\/www.uksestukseni.ee\/#organization"},"potentialAction":[{"@type":"SearchAction","target":{"@type":"EntryPoint","urlTemplate":"https:\/\/www.uksestukseni.ee\/?s={search_term_string}"},"query-input":{"@type":"PropertyValueSpecification","valueRequired":true,"valueName":"search_term_string"}}],"inLanguage":"en-US"},{"@type":"Organization","@id":"https:\/\/www.uksestukseni.ee\/#organization","name":"Kolimisteenus Tallinnas Uksest Ukseni","url":"https:\/\/www.uksestukseni.ee\/","logo":{"@type":"ImageObject","inLanguage":"en-US","@id":"https:\/\/www.uksestukseni.ee\/#\/schema\/logo\/image\/","url":"https:\/\/www.uksestukseni.ee\/wp-content\/uploads\/2017\/12\/logo.png","contentUrl":"https:\/\/www.uksestukseni.ee\/wp-content\/uploads\/2017\/12\/logo.png","width":528,"height":189,"caption":"Kolimisteenus Tallinnas Uksest Ukseni"},"image":{"@id":"https:\/\/www.uksestukseni.ee\/#\/schema\/logo\/image\/"},"sameAs":["https:\/\/www.facebook.com\/uksestukseni\/","https:\/\/www.instagram.com\/kolimisteenus\/","https:\/\/www.youtube.com\/channel\/UC5-1GARIGLHRjOQqCDrOEfQ"]}]}},"_links":{"self":[{"href":"https:\/\/www.uksestukseni.ee\/en\/wp-json\/wp\/v2\/pages\/3259","targetHints":{"allow":["GET"]}}],"collection":[{"href":"https:\/\/www.uksestukseni.ee\/en\/wp-json\/wp\/v2\/pages"}],"about":[{"href":"https:\/\/www.uksestukseni.ee\/en\/wp-json\/wp\/v2\/types\/page"}],"author":[{"embeddable":true,"href":"https:\/\/www.uksestukseni.ee\/en\/wp-json\/wp\/v2\/users\/1"}],"replies":[{"embeddable":true,"href":"https:\/\/www.uksestukseni.ee\/en\/wp-json\/wp\/v2\/comments?post=3259"}],"version-history":[{"count":3,"href":"https:\/\/www.uksestukseni.ee\/en\/wp-json\/wp\/v2\/pages\/3259\/revisions"}],"predecessor-version":[{"id":3372,"href":"https:\/\/www.uksestukseni.ee\/en\/wp-json\/wp\/v2\/pages\/3259\/revisions\/3372"}],"wp:featuredmedia":[{"embeddable":true,"href":"https:\/\/www.uksestukseni.ee\/en\/wp-json\/wp\/v2\/media\/2137"}],"wp:attachment":[{"href":"https:\/\/www.uksestukseni.ee\/en\/wp-json\/wp\/v2\/media?parent=3259"}],"curies":[{"name":"wp","href":"https:\/\/api.w.org\/{rel}","templated":true}]}}