{"id":3257,"date":"2017-08-02T10:56:08","date_gmt":"2017-08-02T07:56:08","guid":{"rendered":"https:\/\/www.uksestukseni.ee\/rahvusvaheline-kolimine\/"},"modified":"2021-05-19T21:27:34","modified_gmt":"2021-05-19T18:27:34","slug":"international-moving-service","status":"publish","type":"page","link":"https:\/\/www.uksestukseni.ee\/en\/international-moving-service\/","title":{"rendered":"International moving service"},"content":{"rendered":"<div class=\"wpb-content-wrapper\">[mk_page_section bg_image=&#8221;http:\/\/www.uksestukseni.ee\/wp-content\/uploads\/2017\/07\/bg-02.jpg&#8221; bg_color=&#8221;#48423c&#8221; bg_position=&#8221;center center&#8221; bg_stretch=&#8221;true&#8221; top_shape_color=&#8221;#ffffff&#8221; bottom_shape_style=&#8221;folded-bottom&#8221; bottom_shape_color=&#8221;#ffffff&#8221; sidebar=&#8221;sidebar-1&#8243;][vc_column][vc_custom_heading source=&#8221;post_title&#8221; font_container=&#8221;tag:h1|font_size:42|text_align:center|color:%23ffffff&#8221; google_fonts=&#8221;font_family:Roboto%3A100%2C100italic%2C300%2C300italic%2Cregular%2Citalic%2C500%2C500italic%2C700%2C700italic%2C900%2C900italic|font_style:100%20light%20regular%3A100%3Anormal&#8221; css=&#8221;.vc_custom_1504163129967{margin-bottom: 10px !important;}&#8221;][vc_separator color=&#8221;custom&#8221; el_width=&#8221;10&#8243; css_animation=&#8221;bounceInLeft&#8221; accent_color=&#8221;#f6783f&#8221; css=&#8221;.vc_custom_1501538053853{margin-top: 10px !important;margin-bottom: 20px !important;}&#8221;][\/vc_column][\/mk_page_section][mk_page_section padding_top=&#8221;30&#8243; padding_bottom=&#8221;30&#8243; sidebar=&#8221;sidebar-1&#8243;][vc_column][vc_row_inner][vc_column_inner][vc_custom_heading text=&#8221;International moving service. Moving service and transport service abroad and from abroad to Estonia.&#8221; font_container=&#8221;tag:p|font_size:22|text_align:left|color:%233f3f3f&#8221; google_fonts=&#8221;font_family:Roboto%3A100%2C100italic%2C300%2C300italic%2Cregular%2Citalic%2C500%2C500italic%2C700%2C700italic%2C900%2C900italic|font_style:300%20light%20regular%3A300%3Anormal&#8221; css=&#8221;.vc_custom_1621448312762{margin-bottom: 10px !important;}&#8221;][vc_separator color=&#8221;custom&#8221; align=&#8221;align_left&#8221; el_width=&#8221;10&#8243; css_animation=&#8221;none&#8221; accent_color=&#8221;#f6783f&#8221; css=&#8221;.vc_custom_1501601503081{margin-top: 10px !important;margin-bottom: 20px !important;}&#8221;][\/vc_column_inner][\/vc_row_inner][vc_row_inner][vc_column_inner width=&#8221;1\/2&#8243;][vc_column_text]\n<h2>International moving service<\/h2>\n<p>International moving service to another country is an important event with many tasks, and in addition to organizing the process of preparing and transporting personal belongings, most people face the problem of documenting and sending goods at the border.<\/p>\n<p>Our company will help you get rid of any inconvenience associated with this multi-step process as quickly and efficiently as possible. We will take care of your move from start to finish. Starting with preparing the property for transport and completing all documentary formalities, ending with the help of installing personal belongings in a new place.<\/p>\n<p><strong>International removals, main directions:<\/strong><\/p>\n<ul>\n<li>Moving service to Finland and back to Estonia.<\/li>\n<li>Moving service to Sweden and back to Estonia.<\/li>\n<li>Moving service to EU countries and back to Estonia.<\/li>\n<\/ul>\n<p>You just have to enjoy this process:)[\/vc_column_text][\/vc_column_inner][vc_column_inner width=&#8221;1\/2&#8243;][vc_column_text]<span style=\"color: #ff6600;\">\u00bb<\/span> International moving service &#8211; for both individuals and companies, moving an apartment, moving a company, various goods or personal belongings.<\/p>\n<p><span style=\"color: #ff6600;\">\u00bb<\/span> Our task is to react to moving as quickly as possible, with high quality and at a reasonable price, so that moving feels easy and fun.<\/p>\n<p>In the international moving service, we offer our Clients a complete solution, optimal logistics, timeliness, insurance of moving property or transported property, document formalities.<\/p>\n<p>With us, you can be sure that the things you are moving will arrive on time, in the right place and in good health.<\/p>\n<p><strong>The cost?<\/strong><br \/>\nThe price of moving services depends mainly on: the volume of work, how high the floors are, whether it is necessary to pack or assemble, Kleind&#8217;s preparation. Moving to Tallinn, which is within the city limits, generally does not involve additional costs. If the start or destination of the ordered moving service is outside Tallinn, the time to reach the object and back to the base located at Mustam\u00e4e tee 6b after the end of the work is taken into account. The total price of such a removal service will become clearer after the price request is submitted.<\/p>\n<p><a href=\"https:\/\/www.uksestukseni.ee\/en\/\">www.uksestukseni.ee<\/a> and <a href=\"https:\/\/kojuvedu.ee\">www.kojuvedu.ee<\/a>[\/vc_column_text][\/vc_column_inner][\/vc_row_inner][vc_separator][vc_row_inner][vc_column_inner][vc_gallery type=&#8221;image_grid&#8221; images=&#8221;1763,891,421,892,422,893,423,424,425,426&#8243;][\/vc_column_inner][\/vc_row_inner][vc_separator][mk_button dimension=&#8221;flat&#8221; corner_style=&#8221;rounded&#8221; size=&#8221;large&#8221; url=&#8221;\/en\/contact&#8221; align=&#8221;center&#8221; margin_top=&#8221;15&#8243; bg_color=&#8221;#f6783f&#8221; btn_hover_bg=&#8221;#e5541a&#8221; btn_hover_txt_color=&#8221;#ffffff&#8221;]Contact us[\/mk_button][\/vc_column][\/mk_page_section]\n<\/div>","protected":false},"excerpt":{"rendered":"<p>[mk_page_section bg_image=&#8221;http:\/\/www.uksestukseni.ee\/wp-content\/uploads\/2017\/07\/bg-02.jpg&#8221; bg_color=&#8221;#48423c&#8221; bg_position=&#8221;center center&#8221; bg_stretch=&#8221;true&#8221; top_shape_color=&#8221;#ffffff&#8221; bottom_shape_style=&#8221;folded-bottom&#8221; bottom_shape_color=&#8221;#ffffff&#8221; sidebar=&#8221;sidebar-1&#8243;][vc_column][vc_custom_heading source=&#8221;post_title&#8221; font_container=&#8221;tag:h1|font_size:42|text_align:center|color:%23ffffff&#8221; google_fonts=&#8221;font_family:Roboto%3A100%2C100italic%2C300%2C300italic%2Cregular%2Citalic%2C500%2C500italic%2C700%2C700italic%2C900%2C900italic|font_style:100%20light%20regular%3A100%3Anormal&#8221; css=&#8221;.vc_custom_1504163129967{margin-bottom: 10px !important;}&#8221;][vc_separator color=&#8221;custom&#8221; el_width=&#8221;10&#8243; css_animation=&#8221;bounceInLeft&#8221; accent_color=&#8221;#f6783f&#8221; css=&#8221;.vc_custom_1501538053853{margin-top: 10px !important;margin-bottom: 20px !important;}&#8221;][\/vc_column][\/mk_page_section][mk_page_section padding_top=&#8221;30&#8243; padding_bottom=&#8221;30&#8243; sidebar=&#8221;sidebar-1&#8243;][vc_column][vc_row_inner][vc_column_inner][vc_custom_heading text=&#8221;International moving service. Moving service and transport service abroad and from abroad to Estonia.&#8221; font_container=&#8221;tag:p|font_size:22|text_align:left|color:%233f3f3f&#8221; google_fonts=&#8221;font_family:Roboto%3A100%2C100italic%2C300%2C300italic%2Cregular%2Citalic%2C500%2C500italic%2C700%2C700italic%2C900%2C900italic|font_style:300%20light%20regular%3A300%3Anormal&#8221; css=&#8221;.vc_custom_1621448312762{margin-bottom: 10px !important;}&#8221;][vc_separator color=&#8221;custom&#8221; align=&#8221;align_left&#8221; el_width=&#8221;10&#8243; css_animation=&#8221;none&#8221; accent_color=&#8221;#f6783f&#8221; css=&#8221;.vc_custom_1501601503081{margin-top: 10px !important;margin-bottom: [&hellip;]<\/p>\n","protected":false},"author":1,"featured_media":3165,"parent":0,"menu_order":0,"comment_status":"closed","ping_status":"closed","template":"","meta":{"footnotes":""},"class_list":["post-3257","page","type-page","status-publish","has-post-thumbnail","hentry"],"yoast_head":"<!-- This site is optimized with the Yoast SEO plugin v26.7 - https:\/\/yoast.com\/wordpress\/plugins\/seo\/ -->\n<title>International moving service. International removals<\/title>\n<meta name=\"description\" content=\"International moving service. Moving service to Estonia. Moving service to Tallinn. Moving service to Finland. Moving service to sweden.\" \/>\n<meta name=\"robots\" content=\"index, follow, max-snippet:-1, max-image-preview:large, max-video-preview:-1\" \/>\n<link rel=\"canonical\" href=\"https:\/\/www.uksestukseni.ee\/en\/international-moving-service\/\" \/>\n<meta property=\"og:locale\" content=\"en_US\" \/>\n<meta property=\"og:type\" content=\"article\" \/>\n<meta property=\"og:title\" content=\"International moving service. International removals\" \/>\n<meta property=\"og:description\" content=\"International moving service. Moving service to Estonia. Moving service to Tallinn. Moving service to Finland. Moving service to sweden.\" \/>\n<meta property=\"og:url\" content=\"https:\/\/www.uksestukseni.ee\/en\/international-moving-service\/\" \/>\n<meta property=\"og:site_name\" content=\"Kolimisteenus Tallinnas - Abi kolimisel, M\u00f6\u00f6blivedu - T\u00f5steteenus korrusele\" \/>\n<meta property=\"article:publisher\" content=\"https:\/\/www.facebook.com\/uksestukseni\/\" \/>\n<meta property=\"article:modified_time\" content=\"2021-05-19T18:27:34+00:00\" \/>\n<meta property=\"og:image\" content=\"https:\/\/www.uksestukseni.ee\/wp-content\/uploads\/2021\/04\/kolimisteenus-valismaalt-kolimine-valismaale-1024x768.png\" \/>\n\t<meta property=\"og:image:width\" content=\"1024\" \/>\n\t<meta property=\"og:image:height\" content=\"768\" \/>\n\t<meta property=\"og:image:type\" content=\"image\/png\" \/>\n<meta name=\"twitter:card\" content=\"summary_large_image\" \/>\n<meta name=\"twitter:label1\" content=\"Est. reading time\" \/>\n\t<meta name=\"twitter:data1\" content=\"2 minutes\" \/>\n<script type=\"application\/ld+json\" class=\"yoast-schema-graph\">{\"@context\":\"https:\/\/schema.org\",\"@graph\":[{\"@type\":\"WebPage\",\"@id\":\"https:\/\/www.uksestukseni.ee\/en\/international-moving-service\/\",\"url\":\"https:\/\/www.uksestukseni.ee\/en\/international-moving-service\/\",\"name\":\"International moving service. International removals\",\"isPartOf\":{\"@id\":\"https:\/\/www.uksestukseni.ee\/#website\"},\"primaryImageOfPage\":{\"@id\":\"https:\/\/www.uksestukseni.ee\/en\/international-moving-service\/#primaryimage\"},\"image\":{\"@id\":\"https:\/\/www.uksestukseni.ee\/en\/international-moving-service\/#primaryimage\"},\"thumbnailUrl\":\"https:\/\/www.uksestukseni.ee\/wp-content\/uploads\/2021\/04\/kolimisteenus-valismaalt-kolimine-valismaale.png\",\"datePublished\":\"2017-08-02T07:56:08+00:00\",\"dateModified\":\"2021-05-19T18:27:34+00:00\",\"description\":\"International moving service. Moving service to Estonia. Moving service to Tallinn. Moving service to Finland. Moving service to sweden.\",\"breadcrumb\":{\"@id\":\"https:\/\/www.uksestukseni.ee\/en\/international-moving-service\/#breadcrumb\"},\"inLanguage\":\"en-US\",\"potentialAction\":[{\"@type\":\"ReadAction\",\"target\":[\"https:\/\/www.uksestukseni.ee\/en\/international-moving-service\/\"]}]},{\"@type\":\"ImageObject\",\"inLanguage\":\"en-US\",\"@id\":\"https:\/\/www.uksestukseni.ee\/en\/international-moving-service\/#primaryimage\",\"url\":\"https:\/\/www.uksestukseni.ee\/wp-content\/uploads\/2021\/04\/kolimisteenus-valismaalt-kolimine-valismaale.png\",\"contentUrl\":\"https:\/\/www.uksestukseni.ee\/wp-content\/uploads\/2021\/04\/kolimisteenus-valismaalt-kolimine-valismaale.png\",\"width\":2560,\"height\":1920},{\"@type\":\"BreadcrumbList\",\"@id\":\"https:\/\/www.uksestukseni.ee\/en\/international-moving-service\/#breadcrumb\",\"itemListElement\":[{\"@type\":\"ListItem\",\"position\":1,\"name\":\"Home\",\"item\":\"https:\/\/www.uksestukseni.ee\/en\/\"},{\"@type\":\"ListItem\",\"position\":2,\"name\":\"International moving service\"}]},{\"@type\":\"WebSite\",\"@id\":\"https:\/\/www.uksestukseni.ee\/#website\",\"url\":\"https:\/\/www.uksestukseni.ee\/\",\"name\":\"Kolimisteenus Tallinnas - Abi kolimisel, M\u00f6\u00f6blivedu - T\u00f5steteenus korrusele\",\"description\":\"Kolimisteenus Tallinnas - Abi kolimisel, M\u00f6\u00f6blivedu - T\u00f5steteenus korrusele\",\"publisher\":{\"@id\":\"https:\/\/www.uksestukseni.ee\/#organization\"},\"potentialAction\":[{\"@type\":\"SearchAction\",\"target\":{\"@type\":\"EntryPoint\",\"urlTemplate\":\"https:\/\/www.uksestukseni.ee\/?s={search_term_string}\"},\"query-input\":{\"@type\":\"PropertyValueSpecification\",\"valueRequired\":true,\"valueName\":\"search_term_string\"}}],\"inLanguage\":\"en-US\"},{\"@type\":\"Organization\",\"@id\":\"https:\/\/www.uksestukseni.ee\/#organization\",\"name\":\"Kolimisteenus Tallinnas Uksest Ukseni\",\"url\":\"https:\/\/www.uksestukseni.ee\/\",\"logo\":{\"@type\":\"ImageObject\",\"inLanguage\":\"en-US\",\"@id\":\"https:\/\/www.uksestukseni.ee\/#\/schema\/logo\/image\/\",\"url\":\"https:\/\/www.uksestukseni.ee\/wp-content\/uploads\/2017\/12\/logo.png\",\"contentUrl\":\"https:\/\/www.uksestukseni.ee\/wp-content\/uploads\/2017\/12\/logo.png\",\"width\":528,\"height\":189,\"caption\":\"Kolimisteenus Tallinnas Uksest Ukseni\"},\"image\":{\"@id\":\"https:\/\/www.uksestukseni.ee\/#\/schema\/logo\/image\/\"},\"sameAs\":[\"https:\/\/www.facebook.com\/uksestukseni\/\",\"https:\/\/www.instagram.com\/kolimisteenus\/\",\"https:\/\/www.youtube.com\/channel\/UC5-1GARIGLHRjOQqCDrOEfQ\"]}]}<\/script>\n<!-- \/ Yoast SEO plugin. -->","yoast_head_json":{"title":"International moving service. International removals","description":"International moving service. Moving service to Estonia. Moving service to Tallinn. Moving service to Finland. Moving service to sweden.","robots":{"index":"index","follow":"follow","max-snippet":"max-snippet:-1","max-image-preview":"max-image-preview:large","max-video-preview":"max-video-preview:-1"},"canonical":"https:\/\/www.uksestukseni.ee\/en\/international-moving-service\/","og_locale":"en_US","og_type":"article","og_title":"International moving service. International removals","og_description":"International moving service. Moving service to Estonia. Moving service to Tallinn. Moving service to Finland. Moving service to sweden.","og_url":"https:\/\/www.uksestukseni.ee\/en\/international-moving-service\/","og_site_name":"Kolimisteenus Tallinnas - Abi kolimisel, M\u00f6\u00f6blivedu - T\u00f5steteenus korrusele","article_publisher":"https:\/\/www.facebook.com\/uksestukseni\/","article_modified_time":"2021-05-19T18:27:34+00:00","og_image":[{"width":1024,"height":768,"url":"https:\/\/www.uksestukseni.ee\/wp-content\/uploads\/2021\/04\/kolimisteenus-valismaalt-kolimine-valismaale-1024x768.png","type":"image\/png"}],"twitter_card":"summary_large_image","twitter_misc":{"Est. reading time":"2 minutes"},"schema":{"@context":"https:\/\/schema.org","@graph":[{"@type":"WebPage","@id":"https:\/\/www.uksestukseni.ee\/en\/international-moving-service\/","url":"https:\/\/www.uksestukseni.ee\/en\/international-moving-service\/","name":"International moving service. International removals","isPartOf":{"@id":"https:\/\/www.uksestukseni.ee\/#website"},"primaryImageOfPage":{"@id":"https:\/\/www.uksestukseni.ee\/en\/international-moving-service\/#primaryimage"},"image":{"@id":"https:\/\/www.uksestukseni.ee\/en\/international-moving-service\/#primaryimage"},"thumbnailUrl":"https:\/\/www.uksestukseni.ee\/wp-content\/uploads\/2021\/04\/kolimisteenus-valismaalt-kolimine-valismaale.png","datePublished":"2017-08-02T07:56:08+00:00","dateModified":"2021-05-19T18:27:34+00:00","description":"International moving service. Moving service to Estonia. Moving service to Tallinn. Moving service to Finland. Moving service to sweden.","breadcrumb":{"@id":"https:\/\/www.uksestukseni.ee\/en\/international-moving-service\/#breadcrumb"},"inLanguage":"en-US","potentialAction":[{"@type":"ReadAction","target":["https:\/\/www.uksestukseni.ee\/en\/international-moving-service\/"]}]},{"@type":"ImageObject","inLanguage":"en-US","@id":"https:\/\/www.uksestukseni.ee\/en\/international-moving-service\/#primaryimage","url":"https:\/\/www.uksestukseni.ee\/wp-content\/uploads\/2021\/04\/kolimisteenus-valismaalt-kolimine-valismaale.png","contentUrl":"https:\/\/www.uksestukseni.ee\/wp-content\/uploads\/2021\/04\/kolimisteenus-valismaalt-kolimine-valismaale.png","width":2560,"height":1920},{"@type":"BreadcrumbList","@id":"https:\/\/www.uksestukseni.ee\/en\/international-moving-service\/#breadcrumb","itemListElement":[{"@type":"ListItem","position":1,"name":"Home","item":"https:\/\/www.uksestukseni.ee\/en\/"},{"@type":"ListItem","position":2,"name":"International moving service"}]},{"@type":"WebSite","@id":"https:\/\/www.uksestukseni.ee\/#website","url":"https:\/\/www.uksestukseni.ee\/","name":"Kolimisteenus Tallinnas - Abi kolimisel, M\u00f6\u00f6blivedu - T\u00f5steteenus korrusele","description":"Kolimisteenus Tallinnas - Abi kolimisel, M\u00f6\u00f6blivedu - T\u00f5steteenus korrusele","publisher":{"@id":"https:\/\/www.uksestukseni.ee\/#organization"},"potentialAction":[{"@type":"SearchAction","target":{"@type":"EntryPoint","urlTemplate":"https:\/\/www.uksestukseni.ee\/?s={search_term_string}"},"query-input":{"@type":"PropertyValueSpecification","valueRequired":true,"valueName":"search_term_string"}}],"inLanguage":"en-US"},{"@type":"Organization","@id":"https:\/\/www.uksestukseni.ee\/#organization","name":"Kolimisteenus Tallinnas Uksest Ukseni","url":"https:\/\/www.uksestukseni.ee\/","logo":{"@type":"ImageObject","inLanguage":"en-US","@id":"https:\/\/www.uksestukseni.ee\/#\/schema\/logo\/image\/","url":"https:\/\/www.uksestukseni.ee\/wp-content\/uploads\/2017\/12\/logo.png","contentUrl":"https:\/\/www.uksestukseni.ee\/wp-content\/uploads\/2017\/12\/logo.png","width":528,"height":189,"caption":"Kolimisteenus Tallinnas Uksest Ukseni"},"image":{"@id":"https:\/\/www.uksestukseni.ee\/#\/schema\/logo\/image\/"},"sameAs":["https:\/\/www.facebook.com\/uksestukseni\/","https:\/\/www.instagram.com\/kolimisteenus\/","https:\/\/www.youtube.com\/channel\/UC5-1GARIGLHRjOQqCDrOEfQ"]}]}},"_links":{"self":[{"href":"https:\/\/www.uksestukseni.ee\/en\/wp-json\/wp\/v2\/pages\/3257","targetHints":{"allow":["GET"]}}],"collection":[{"href":"https:\/\/www.uksestukseni.ee\/en\/wp-json\/wp\/v2\/pages"}],"about":[{"href":"https:\/\/www.uksestukseni.ee\/en\/wp-json\/wp\/v2\/types\/page"}],"author":[{"embeddable":true,"href":"https:\/\/www.uksestukseni.ee\/en\/wp-json\/wp\/v2\/users\/1"}],"replies":[{"embeddable":true,"href":"https:\/\/www.uksestukseni.ee\/en\/wp-json\/wp\/v2\/comments?post=3257"}],"version-history":[{"count":2,"href":"https:\/\/www.uksestukseni.ee\/en\/wp-json\/wp\/v2\/pages\/3257\/revisions"}],"predecessor-version":[{"id":3349,"href":"https:\/\/www.uksestukseni.ee\/en\/wp-json\/wp\/v2\/pages\/3257\/revisions\/3349"}],"wp:featuredmedia":[{"embeddable":true,"href":"https:\/\/www.uksestukseni.ee\/en\/wp-json\/wp\/v2\/media\/3165"}],"wp:attachment":[{"href":"https:\/\/www.uksestukseni.ee\/en\/wp-json\/wp\/v2\/media?parent=3257"}],"curies":[{"name":"wp","href":"https:\/\/api.w.org\/{rel}","templated":true}]}}