{"id":3256,"date":"2017-08-02T01:19:59","date_gmt":"2017-08-01T22:19:59","guid":{"rendered":"https:\/\/www.uksestukseni.ee\/mooblivedu-ja-kaubavedu\/"},"modified":"2021-05-20T09:14:45","modified_gmt":"2021-05-20T06:14:45","slug":"home-delivery","status":"publish","type":"page","link":"https:\/\/www.uksestukseni.ee\/en\/home-delivery\/","title":{"rendered":"Home delivery of heavy things"},"content":{"rendered":"<div class=\"wpb-content-wrapper\">[mk_page_section bg_image=&#8221;http:\/\/www.uksestukseni.ee\/wp-content\/uploads\/2017\/07\/bg-02.jpg&#8221; bg_color=&#8221;#48423c&#8221; bg_position=&#8221;center center&#8221; bg_stretch=&#8221;true&#8221; top_shape_color=&#8221;#ffffff&#8221; bottom_shape_style=&#8221;folded-bottom&#8221; bottom_shape_color=&#8221;#ffffff&#8221; sidebar=&#8221;sidebar-1&#8243;][vc_column][vc_custom_heading source=&#8221;post_title&#8221; font_container=&#8221;tag:h1|font_size:42|text_align:center|color:%23ffffff&#8221; google_fonts=&#8221;font_family:Roboto%3A100%2C100italic%2C300%2C300italic%2Cregular%2Citalic%2C500%2C500italic%2C700%2C700italic%2C900%2C900italic|font_style:100%20light%20regular%3A100%3Anormal&#8221; css=&#8221;.vc_custom_1504163113797{margin-bottom: 10px !important;}&#8221;][vc_separator color=&#8221;custom&#8221; el_width=&#8221;10&#8243; css_animation=&#8221;bounceInLeft&#8221; accent_color=&#8221;#f6783f&#8221; css=&#8221;.vc_custom_1501538053853{margin-top: 10px !important;margin-bottom: 20px !important;}&#8221;][\/vc_column][\/mk_page_section][mk_page_section padding_top=&#8221;30&#8243; padding_bottom=&#8221;30&#8243; sidebar=&#8221;sidebar-1&#8243;][vc_column][vc_custom_heading text=&#8221;Home delivery of heavy and large things to the floor.&#8221; font_container=&#8221;tag:p|font_size:22|text_align:left|color:%233f3f3f&#8221; google_fonts=&#8221;font_family:Roboto%3A100%2C100italic%2C300%2C300italic%2Cregular%2Citalic%2C500%2C500italic%2C700%2C700italic%2C900%2C900italic|font_style:300%20light%20regular%3A300%3Anormal&#8221; css=&#8221;.vc_custom_1621490829200{margin-bottom: 10px !important;}&#8221;][vc_separator color=&#8221;custom&#8221; align=&#8221;align_left&#8221; el_width=&#8221;10&#8243; css_animation=&#8221;none&#8221; accent_color=&#8221;#f6783f&#8221; css=&#8221;.vc_custom_1501601503081{margin-top: 10px !important;margin-bottom: 20px !important;}&#8221;][vc_column_text]Uksest Ukseni \u00fcheks valdkonnaks on m\u00f6\u00f6blivedu, ehitusmaterjalide ja kaubavedu eraisikutele ja \u00e4riklientidele koos peale ja mahat\u00f5stmisega korrusele. Sammuti pakume lihtsalt t\u00f5steteenust objektidele v\u00f5i otse tuppa.[\/vc_column_text][vc_row_inner][vc_column_inner][vc_video max_width=&#8221;750&#8243; link=&#8221;https:\/\/youtu.be\/CfWUOtksFjI&#8221;][\/vc_column_inner][\/vc_row_inner][vc_separator][vc_row_inner][vc_column_inner width=&#8221;1\/2&#8243;][vc_custom_heading text=&#8221;What we offer?&#8221; font_container=&#8221;tag:p|font_size:22|text_align:left|color:%233f3f3f&#8221; google_fonts=&#8221;font_family:Roboto%3A100%2C100italic%2C300%2C300italic%2Cregular%2Citalic%2C500%2C500italic%2C700%2C700italic%2C900%2C900italic|font_style:300%20light%20regular%3A300%3Anormal&#8221;][vc_separator color=&#8221;custom&#8221; align=&#8221;align_left&#8221; el_width=&#8221;10&#8243; css_animation=&#8221;none&#8221; accent_color=&#8221;#f6783f&#8221; css=&#8221;.vc_custom_1501601503081{margin-top: 10px !important;margin-bottom: 20px !important;}&#8221;][mk_custom_list style=&#8221;mk-icon-angle-right&#8221;]When making a large, heavy or bulky purchase from a store, the question often arises of delivering it home and not only offering a transport service but also lifting it to the floor and taking it to the room.<\/p>\n<p>Unfortunately, not all stores provide a delivery service or only offer transport in front of the door.<\/p>\n<p>What&#8217;s worse is that all stores work with delivery companies like Omniva, DPD and other similar courier companies that can only deliver goods to the door on an unsuitable day and time interval of several hours, which is very inconvenient and certainly cannot be called full service.<\/p>\n<p><strong>Benefits of home delivery<\/strong><br \/>\nFull service. We organize ourselves, we agree where we should pick up the goods, we deliver them on time, we lift them into the room &#8211; everyone is happy<\/p>\n<p>We transport larger items and take them to the room &#8211; sofas, home appliances, home furnishings, plumbing, furniture, building materials and other purchases that require home delivery. We cooperate with larger e-shops such as <a href=\"http:\/\/www.kaup24.ee\">www.kaup24.ee<\/a>[\/mk_custom_list][\/vc_column_inner][vc_column_inner width=&#8221;1\/2&#8243;][vc_custom_heading text=&#8221;Heavy and large..&#8221; font_container=&#8221;tag:p|font_size:22|text_align:left|color:%233f3f3f&#8221; google_fonts=&#8221;font_family:Roboto%3A100%2C100italic%2C300%2C300italic%2Cregular%2Citalic%2C500%2C500italic%2C700%2C700italic%2C900%2C900italic|font_style:300%20light%20regular%3A300%3Anormal&#8221;][vc_separator color=&#8221;custom&#8221; align=&#8221;align_left&#8221; el_width=&#8221;10&#8243; css_animation=&#8221;none&#8221; accent_color=&#8221;#f6783f&#8221; css=&#8221;.vc_custom_1501601503081{margin-top: 10px !important;margin-bottom: 20px !important;}&#8221;][mk_custom_list style=&#8221;mk-icon-angle-right&#8221;]Home delivery of a large, heavy or bulky purchase to the Customer&#8217;s place of residence, which will be indicated at a time and time convenient for you with delivery to the room.<\/p>\n<p>We offer this service in a fast time, at a time convenient for you and without any additional worries &#8211; we will deliver your purchases to your home, lift you directly to the floor and, if necessary, assist with installation so that you can use the purchase without unnecessary difficulties.<\/p>\n<p style=\"text-align: right;\"><a href=\"http:\/\/www.uksestukseni.ee\/en\">www.uksestukseni.ee\/en<\/a><\/p>\n[\/mk_custom_list][vc_separator color=&#8221;custom&#8221; align=&#8221;align_left&#8221; el_width=&#8221;10&#8243; css_animation=&#8221;none&#8221; accent_color=&#8221;#f6783f&#8221; css=&#8221;.vc_custom_1501601503081{margin-top: 10px !important;margin-bottom: 20px !important;}&#8221;][\/vc_column_inner][\/vc_row_inner][vc_separator][vc_row_inner][vc_column_inner][vc_gallery type=&#8221;image_grid&#8221; images=&#8221;958,950,955,951,957,952,953,968,954,956,959,966,960,961,962,963,964,965,967,969,971,972,974,975&#8243;][\/vc_column_inner][\/vc_row_inner][vc_separator][mk_button dimension=&#8221;flat&#8221; corner_style=&#8221;rounded&#8221; size=&#8221;large&#8221; url=&#8221;\/en\/contact&#8221; align=&#8221;center&#8221; margin_top=&#8221;15&#8243; bg_color=&#8221;#f6783f&#8221; btn_hover_bg=&#8221;#e5541a&#8221; btn_hover_txt_color=&#8221;#ffffff&#8221;]Contact us[\/mk_button][\/vc_column][\/mk_page_section]\n<\/div>","protected":false},"excerpt":{"rendered":"<p>[mk_page_section bg_image=&#8221;http:\/\/www.uksestukseni.ee\/wp-content\/uploads\/2017\/07\/bg-02.jpg&#8221; bg_color=&#8221;#48423c&#8221; bg_position=&#8221;center center&#8221; bg_stretch=&#8221;true&#8221; top_shape_color=&#8221;#ffffff&#8221; bottom_shape_style=&#8221;folded-bottom&#8221; bottom_shape_color=&#8221;#ffffff&#8221; sidebar=&#8221;sidebar-1&#8243;][vc_column][vc_custom_heading source=&#8221;post_title&#8221; font_container=&#8221;tag:h1|font_size:42|text_align:center|color:%23ffffff&#8221; google_fonts=&#8221;font_family:Roboto%3A100%2C100italic%2C300%2C300italic%2Cregular%2Citalic%2C500%2C500italic%2C700%2C700italic%2C900%2C900italic|font_style:100%20light%20regular%3A100%3Anormal&#8221; css=&#8221;.vc_custom_1504163113797{margin-bottom: 10px !important;}&#8221;][vc_separator color=&#8221;custom&#8221; el_width=&#8221;10&#8243; css_animation=&#8221;bounceInLeft&#8221; accent_color=&#8221;#f6783f&#8221; css=&#8221;.vc_custom_1501538053853{margin-top: 10px !important;margin-bottom: 20px !important;}&#8221;][\/vc_column][\/mk_page_section][mk_page_section padding_top=&#8221;30&#8243; padding_bottom=&#8221;30&#8243; sidebar=&#8221;sidebar-1&#8243;][vc_column][vc_custom_heading text=&#8221;Home delivery of heavy and large things to the floor.&#8221; font_container=&#8221;tag:p|font_size:22|text_align:left|color:%233f3f3f&#8221; google_fonts=&#8221;font_family:Roboto%3A100%2C100italic%2C300%2C300italic%2Cregular%2Citalic%2C500%2C500italic%2C700%2C700italic%2C900%2C900italic|font_style:300%20light%20regular%3A300%3Anormal&#8221; css=&#8221;.vc_custom_1621490829200{margin-bottom: 10px !important;}&#8221;][vc_separator color=&#8221;custom&#8221; align=&#8221;align_left&#8221; el_width=&#8221;10&#8243; css_animation=&#8221;none&#8221; accent_color=&#8221;#f6783f&#8221; css=&#8221;.vc_custom_1501601503081{margin-top: 10px !important;margin-bottom: 20px !important;}&#8221;][vc_column_text]Uksest Ukseni \u00fcheks [&hellip;]<\/p>\n","protected":false},"author":1,"featured_media":2245,"parent":0,"menu_order":0,"comment_status":"closed","ping_status":"closed","template":"","meta":{"footnotes":""},"class_list":["post-3256","page","type-page","status-publish","has-post-thumbnail","hentry"],"yoast_head":"<!-- This site is optimized with the Yoast SEO plugin v26.7 - https:\/\/yoast.com\/wordpress\/plugins\/seo\/ -->\n<title>Home delivery of heavy things. Sofa delivery, refrigerator delvery in Tallinn<\/title>\n<meta name=\"description\" content=\"We transport larger items with lifting - sofas, home furnishings, building materials and other purchases that require home delivery\" \/>\n<meta name=\"robots\" content=\"index, follow, max-snippet:-1, max-image-preview:large, max-video-preview:-1\" \/>\n<link rel=\"canonical\" href=\"https:\/\/www.uksestukseni.ee\/mooblivedu-ja-kaubavedu\/\" \/>\n<meta property=\"og:locale\" content=\"en_US\" \/>\n<meta property=\"og:type\" content=\"article\" \/>\n<meta property=\"og:title\" content=\"Home delivery of heavy things. Sofa delivery, refrigerator delvery in Tallinn\" \/>\n<meta property=\"og:description\" content=\"We transport larger items with lifting - sofas, home furnishings, building materials and other purchases that require home delivery\" \/>\n<meta property=\"og:url\" content=\"https:\/\/www.uksestukseni.ee\/mooblivedu-ja-kaubavedu\/\" \/>\n<meta property=\"og:site_name\" content=\"Kolimisteenus Tallinnas - Abi kolimisel, M\u00f6\u00f6blivedu - T\u00f5steteenus korrusele\" \/>\n<meta property=\"article:publisher\" content=\"https:\/\/www.facebook.com\/uksestukseni\/\" \/>\n<meta property=\"article:modified_time\" content=\"2021-05-20T06:14:45+00:00\" \/>\n<meta property=\"og:image\" content=\"https:\/\/www.uksestukseni.ee\/wp-content\/uploads\/2019\/07\/kolimisteenus-kolimine-kolija-kolijad-abi-kolimisel-tsteteenus-uksest-ukseni-kolimisteenus-uksest-ukseni-kaubavedu-mblivedu-30.jpg\" \/>\n\t<meta property=\"og:image:width\" content=\"4032\" \/>\n\t<meta property=\"og:image:height\" content=\"3024\" \/>\n\t<meta property=\"og:image:type\" content=\"image\/jpeg\" \/>\n<meta name=\"twitter:card\" content=\"summary_large_image\" \/>\n<meta name=\"twitter:label1\" content=\"Est. reading time\" \/>\n\t<meta name=\"twitter:data1\" content=\"2 minutes\" \/>\n<script type=\"application\/ld+json\" class=\"yoast-schema-graph\">{\"@context\":\"https:\/\/schema.org\",\"@graph\":[{\"@type\":\"WebPage\",\"@id\":\"https:\/\/www.uksestukseni.ee\/mooblivedu-ja-kaubavedu\/\",\"url\":\"https:\/\/www.uksestukseni.ee\/mooblivedu-ja-kaubavedu\/\",\"name\":\"Home delivery of heavy things. Sofa delivery, refrigerator delvery in Tallinn\",\"isPartOf\":{\"@id\":\"https:\/\/www.uksestukseni.ee\/#website\"},\"primaryImageOfPage\":{\"@id\":\"https:\/\/www.uksestukseni.ee\/mooblivedu-ja-kaubavedu\/#primaryimage\"},\"image\":{\"@id\":\"https:\/\/www.uksestukseni.ee\/mooblivedu-ja-kaubavedu\/#primaryimage\"},\"thumbnailUrl\":\"https:\/\/www.uksestukseni.ee\/wp-content\/uploads\/2019\/07\/kolimisteenus-kolimine-kolija-kolijad-abi-kolimisel-tsteteenus-uksest-ukseni-kolimisteenus-uksest-ukseni-kaubavedu-mblivedu-30.jpg\",\"datePublished\":\"2017-08-01T22:19:59+00:00\",\"dateModified\":\"2021-05-20T06:14:45+00:00\",\"description\":\"We transport larger items with lifting - sofas, home furnishings, building materials and other purchases that require home delivery\",\"breadcrumb\":{\"@id\":\"https:\/\/www.uksestukseni.ee\/mooblivedu-ja-kaubavedu\/#breadcrumb\"},\"inLanguage\":\"en-US\",\"potentialAction\":[{\"@type\":\"ReadAction\",\"target\":[\"https:\/\/www.uksestukseni.ee\/mooblivedu-ja-kaubavedu\/\"]}]},{\"@type\":\"ImageObject\",\"inLanguage\":\"en-US\",\"@id\":\"https:\/\/www.uksestukseni.ee\/mooblivedu-ja-kaubavedu\/#primaryimage\",\"url\":\"https:\/\/www.uksestukseni.ee\/wp-content\/uploads\/2019\/07\/kolimisteenus-kolimine-kolija-kolijad-abi-kolimisel-tsteteenus-uksest-ukseni-kolimisteenus-uksest-ukseni-kaubavedu-mblivedu-30.jpg\",\"contentUrl\":\"https:\/\/www.uksestukseni.ee\/wp-content\/uploads\/2019\/07\/kolimisteenus-kolimine-kolija-kolijad-abi-kolimisel-tsteteenus-uksest-ukseni-kolimisteenus-uksest-ukseni-kaubavedu-mblivedu-30.jpg\",\"width\":4032,\"height\":3024},{\"@type\":\"BreadcrumbList\",\"@id\":\"https:\/\/www.uksestukseni.ee\/mooblivedu-ja-kaubavedu\/#breadcrumb\",\"itemListElement\":[{\"@type\":\"ListItem\",\"position\":1,\"name\":\"Home\",\"item\":\"https:\/\/www.uksestukseni.ee\/en\/\"},{\"@type\":\"ListItem\",\"position\":2,\"name\":\"Home delivery of heavy things\"}]},{\"@type\":\"WebSite\",\"@id\":\"https:\/\/www.uksestukseni.ee\/#website\",\"url\":\"https:\/\/www.uksestukseni.ee\/\",\"name\":\"Kolimisteenus Tallinnas - Abi kolimisel, M\u00f6\u00f6blivedu - T\u00f5steteenus korrusele\",\"description\":\"Kolimisteenus Tallinnas - Abi kolimisel, M\u00f6\u00f6blivedu - T\u00f5steteenus korrusele\",\"publisher\":{\"@id\":\"https:\/\/www.uksestukseni.ee\/#organization\"},\"potentialAction\":[{\"@type\":\"SearchAction\",\"target\":{\"@type\":\"EntryPoint\",\"urlTemplate\":\"https:\/\/www.uksestukseni.ee\/?s={search_term_string}\"},\"query-input\":{\"@type\":\"PropertyValueSpecification\",\"valueRequired\":true,\"valueName\":\"search_term_string\"}}],\"inLanguage\":\"en-US\"},{\"@type\":\"Organization\",\"@id\":\"https:\/\/www.uksestukseni.ee\/#organization\",\"name\":\"Kolimisteenus Tallinnas Uksest Ukseni\",\"url\":\"https:\/\/www.uksestukseni.ee\/\",\"logo\":{\"@type\":\"ImageObject\",\"inLanguage\":\"en-US\",\"@id\":\"https:\/\/www.uksestukseni.ee\/#\/schema\/logo\/image\/\",\"url\":\"https:\/\/www.uksestukseni.ee\/wp-content\/uploads\/2017\/12\/logo.png\",\"contentUrl\":\"https:\/\/www.uksestukseni.ee\/wp-content\/uploads\/2017\/12\/logo.png\",\"width\":528,\"height\":189,\"caption\":\"Kolimisteenus Tallinnas Uksest Ukseni\"},\"image\":{\"@id\":\"https:\/\/www.uksestukseni.ee\/#\/schema\/logo\/image\/\"},\"sameAs\":[\"https:\/\/www.facebook.com\/uksestukseni\/\",\"https:\/\/www.instagram.com\/kolimisteenus\/\",\"https:\/\/www.youtube.com\/channel\/UC5-1GARIGLHRjOQqCDrOEfQ\"]}]}<\/script>\n<!-- \/ Yoast SEO plugin. -->","yoast_head_json":{"title":"Home delivery of heavy things. Sofa delivery, refrigerator delvery in Tallinn","description":"We transport larger items with lifting - sofas, home furnishings, building materials and other purchases that require home delivery","robots":{"index":"index","follow":"follow","max-snippet":"max-snippet:-1","max-image-preview":"max-image-preview:large","max-video-preview":"max-video-preview:-1"},"canonical":"https:\/\/www.uksestukseni.ee\/mooblivedu-ja-kaubavedu\/","og_locale":"en_US","og_type":"article","og_title":"Home delivery of heavy things. Sofa delivery, refrigerator delvery in Tallinn","og_description":"We transport larger items with lifting - sofas, home furnishings, building materials and other purchases that require home delivery","og_url":"https:\/\/www.uksestukseni.ee\/mooblivedu-ja-kaubavedu\/","og_site_name":"Kolimisteenus Tallinnas - Abi kolimisel, M\u00f6\u00f6blivedu - T\u00f5steteenus korrusele","article_publisher":"https:\/\/www.facebook.com\/uksestukseni\/","article_modified_time":"2021-05-20T06:14:45+00:00","og_image":[{"width":4032,"height":3024,"url":"https:\/\/www.uksestukseni.ee\/wp-content\/uploads\/2019\/07\/kolimisteenus-kolimine-kolija-kolijad-abi-kolimisel-tsteteenus-uksest-ukseni-kolimisteenus-uksest-ukseni-kaubavedu-mblivedu-30.jpg","type":"image\/jpeg"}],"twitter_card":"summary_large_image","twitter_misc":{"Est. reading time":"2 minutes"},"schema":{"@context":"https:\/\/schema.org","@graph":[{"@type":"WebPage","@id":"https:\/\/www.uksestukseni.ee\/mooblivedu-ja-kaubavedu\/","url":"https:\/\/www.uksestukseni.ee\/mooblivedu-ja-kaubavedu\/","name":"Home delivery of heavy things. Sofa delivery, refrigerator delvery in Tallinn","isPartOf":{"@id":"https:\/\/www.uksestukseni.ee\/#website"},"primaryImageOfPage":{"@id":"https:\/\/www.uksestukseni.ee\/mooblivedu-ja-kaubavedu\/#primaryimage"},"image":{"@id":"https:\/\/www.uksestukseni.ee\/mooblivedu-ja-kaubavedu\/#primaryimage"},"thumbnailUrl":"https:\/\/www.uksestukseni.ee\/wp-content\/uploads\/2019\/07\/kolimisteenus-kolimine-kolija-kolijad-abi-kolimisel-tsteteenus-uksest-ukseni-kolimisteenus-uksest-ukseni-kaubavedu-mblivedu-30.jpg","datePublished":"2017-08-01T22:19:59+00:00","dateModified":"2021-05-20T06:14:45+00:00","description":"We transport larger items with lifting - sofas, home furnishings, building materials and other purchases that require home delivery","breadcrumb":{"@id":"https:\/\/www.uksestukseni.ee\/mooblivedu-ja-kaubavedu\/#breadcrumb"},"inLanguage":"en-US","potentialAction":[{"@type":"ReadAction","target":["https:\/\/www.uksestukseni.ee\/mooblivedu-ja-kaubavedu\/"]}]},{"@type":"ImageObject","inLanguage":"en-US","@id":"https:\/\/www.uksestukseni.ee\/mooblivedu-ja-kaubavedu\/#primaryimage","url":"https:\/\/www.uksestukseni.ee\/wp-content\/uploads\/2019\/07\/kolimisteenus-kolimine-kolija-kolijad-abi-kolimisel-tsteteenus-uksest-ukseni-kolimisteenus-uksest-ukseni-kaubavedu-mblivedu-30.jpg","contentUrl":"https:\/\/www.uksestukseni.ee\/wp-content\/uploads\/2019\/07\/kolimisteenus-kolimine-kolija-kolijad-abi-kolimisel-tsteteenus-uksest-ukseni-kolimisteenus-uksest-ukseni-kaubavedu-mblivedu-30.jpg","width":4032,"height":3024},{"@type":"BreadcrumbList","@id":"https:\/\/www.uksestukseni.ee\/mooblivedu-ja-kaubavedu\/#breadcrumb","itemListElement":[{"@type":"ListItem","position":1,"name":"Home","item":"https:\/\/www.uksestukseni.ee\/en\/"},{"@type":"ListItem","position":2,"name":"Home delivery of heavy things"}]},{"@type":"WebSite","@id":"https:\/\/www.uksestukseni.ee\/#website","url":"https:\/\/www.uksestukseni.ee\/","name":"Kolimisteenus Tallinnas - Abi kolimisel, M\u00f6\u00f6blivedu - T\u00f5steteenus korrusele","description":"Kolimisteenus Tallinnas - Abi kolimisel, M\u00f6\u00f6blivedu - T\u00f5steteenus korrusele","publisher":{"@id":"https:\/\/www.uksestukseni.ee\/#organization"},"potentialAction":[{"@type":"SearchAction","target":{"@type":"EntryPoint","urlTemplate":"https:\/\/www.uksestukseni.ee\/?s={search_term_string}"},"query-input":{"@type":"PropertyValueSpecification","valueRequired":true,"valueName":"search_term_string"}}],"inLanguage":"en-US"},{"@type":"Organization","@id":"https:\/\/www.uksestukseni.ee\/#organization","name":"Kolimisteenus Tallinnas Uksest Ukseni","url":"https:\/\/www.uksestukseni.ee\/","logo":{"@type":"ImageObject","inLanguage":"en-US","@id":"https:\/\/www.uksestukseni.ee\/#\/schema\/logo\/image\/","url":"https:\/\/www.uksestukseni.ee\/wp-content\/uploads\/2017\/12\/logo.png","contentUrl":"https:\/\/www.uksestukseni.ee\/wp-content\/uploads\/2017\/12\/logo.png","width":528,"height":189,"caption":"Kolimisteenus Tallinnas Uksest Ukseni"},"image":{"@id":"https:\/\/www.uksestukseni.ee\/#\/schema\/logo\/image\/"},"sameAs":["https:\/\/www.facebook.com\/uksestukseni\/","https:\/\/www.instagram.com\/kolimisteenus\/","https:\/\/www.youtube.com\/channel\/UC5-1GARIGLHRjOQqCDrOEfQ"]}]}},"_links":{"self":[{"href":"https:\/\/www.uksestukseni.ee\/en\/wp-json\/wp\/v2\/pages\/3256","targetHints":{"allow":["GET"]}}],"collection":[{"href":"https:\/\/www.uksestukseni.ee\/en\/wp-json\/wp\/v2\/pages"}],"about":[{"href":"https:\/\/www.uksestukseni.ee\/en\/wp-json\/wp\/v2\/types\/page"}],"author":[{"embeddable":true,"href":"https:\/\/www.uksestukseni.ee\/en\/wp-json\/wp\/v2\/users\/1"}],"replies":[{"embeddable":true,"href":"https:\/\/www.uksestukseni.ee\/en\/wp-json\/wp\/v2\/comments?post=3256"}],"version-history":[{"count":3,"href":"https:\/\/www.uksestukseni.ee\/en\/wp-json\/wp\/v2\/pages\/3256\/revisions"}],"predecessor-version":[{"id":3376,"href":"https:\/\/www.uksestukseni.ee\/en\/wp-json\/wp\/v2\/pages\/3256\/revisions\/3376"}],"wp:featuredmedia":[{"embeddable":true,"href":"https:\/\/www.uksestukseni.ee\/en\/wp-json\/wp\/v2\/media\/2245"}],"wp:attachment":[{"href":"https:\/\/www.uksestukseni.ee\/en\/wp-json\/wp\/v2\/media?parent=3256"}],"curies":[{"name":"wp","href":"https:\/\/api.w.org\/{rel}","templated":true}]}}