{"id":3252,"date":"2017-07-28T18:51:39","date_gmt":"2017-07-28T15:51:39","guid":{"rendered":"https:\/\/www.uksestukseni.ee\/soodne-kolimisteenus-tallinnas\/"},"modified":"2021-05-19T21:15:54","modified_gmt":"2021-05-19T18:15:54","slug":"home-moving-service","status":"publish","type":"page","link":"https:\/\/www.uksestukseni.ee\/en\/home-moving-service\/","title":{"rendered":"Home moving service"},"content":{"rendered":"<div class=\"wpb-content-wrapper\">[mk_page_section bg_image=&#8221;http:\/\/www.uksestukseni.ee\/wp-content\/uploads\/2017\/07\/bg-02.jpg&#8221; bg_color=&#8221;#48423c&#8221; bg_position=&#8221;center center&#8221; bg_stretch=&#8221;true&#8221; top_shape_color=&#8221;#ffffff&#8221; bottom_shape_style=&#8221;folded-bottom&#8221; bottom_shape_color=&#8221;#ffffff&#8221; sidebar=&#8221;sidebar-1&#8243;][vc_column][vc_custom_heading source=&#8221;post_title&#8221; font_container=&#8221;tag:h1|font_size:42|text_align:center|color:%23ffffff&#8221; google_fonts=&#8221;font_family:Roboto%3A100%2C100italic%2C300%2C300italic%2Cregular%2Citalic%2C500%2C500italic%2C700%2C700italic%2C900%2C900italic|font_style:100%20light%20regular%3A100%3Anormal&#8221; css=&#8221;.vc_custom_1504163185369{margin-bottom: 10px !important;}&#8221;][vc_separator color=&#8221;custom&#8221; el_width=&#8221;10&#8243; css_animation=&#8221;bounceInLeft&#8221; accent_color=&#8221;#f6783f&#8221; css=&#8221;.vc_custom_1501538053853{margin-top: 10px !important;margin-bottom: 20px !important;}&#8221;][\/vc_column][\/mk_page_section][mk_page_section padding_top=&#8221;30&#8243; padding_bottom=&#8221;30&#8243; sidebar=&#8221;sidebar-1&#8243;][vc_column][vc_row_inner][vc_column_inner][vc_custom_heading text=&#8221;Moving help, moving services, moving, lifting assistance,<br \/>\ntransportation of furniture and home appliances. Cheap moving service in Tallinn&#8221; font_container=&#8221;tag:p|font_size:22|text_align:left|color:%233f3f3f&#8221; google_fonts=&#8221;font_family:Roboto%3A100%2C100italic%2C300%2C300italic%2Cregular%2Citalic%2C500%2C500italic%2C700%2C700italic%2C900%2C900italic|font_style:300%20light%20regular%3A300%3Anormal&#8221; css=&#8221;.vc_custom_1621444685014{margin-bottom: 10px !important;}&#8221;][vc_separator color=&#8221;custom&#8221; align=&#8221;align_left&#8221; el_width=&#8221;10&#8243; css_animation=&#8221;none&#8221; accent_color=&#8221;#f6783f&#8221; css=&#8221;.vc_custom_1501601503081{margin-top: 10px !important;margin-bottom: 20px !important;}&#8221;][vc_column_text]\n<h5>Home moving service. Apartment and house removal services. Chep moving service<\/h5>\n<p>Full solution, professional home moving service in Tallinn &amp; permanent team. Transport services, moving services and freight transport in Tallinn and Harju County. <a href=\"http:\/\/www.uksestukseni.ee\/en\">www.uksestukseni.ee<\/a>, The price list is available here <a href=\"https:\/\/www.uksestukseni.ee\/en\/pricelist\/\">www.uksestukseni.ee\/hinnakiri<\/a>[\/vc_column_text][vc_separator][\/vc_column_inner][\/vc_row_inner][vc_row_inner][vc_column_inner width=&#8221;1\/2&#8243;][vc_separator color=&#8221;custom&#8221; align=&#8221;align_left&#8221; el_width=&#8221;10&#8243; css_animation=&#8221;none&#8221; accent_color=&#8221;#f6783f&#8221; css=&#8221;.vc_custom_1501601503081{margin-top: 10px !important;margin-bottom: 20px !important;}&#8221;][vc_column_text]\n<h2>Home moving service<\/h2>\n<p>The home moving service is an important, but still cumbersome process that requires time, effort that just needs to be taken off your neck. Entrust this to our professional team of moving specialists, who will take responsibility for the complete solution removal service. From disassembling and packing the furniture to transporting the room to a new location, moving it to the room and assembling it.<\/p>\n<p>Office moving service, apartment moving or private house moving is done quickly and efficiently, an individual and flexible approach to your relocation. If necessary, before moving, we visit the site to assess the amount of work and the time required to move.[\/vc_column_text][\/vc_column_inner][vc_column_inner width=&#8221;1\/2&#8243;][vc_separator color=&#8221;custom&#8221; align=&#8221;align_left&#8221; el_width=&#8221;10&#8243; css_animation=&#8221;none&#8221; accent_color=&#8221;#f6783f&#8221; css=&#8221;.vc_custom_1501601503081{margin-top: 10px !important;margin-bottom: 20px !important;}&#8221;][vc_column_text]We have a long-term experience in the field of moving, practicing it both in Estonia and abroad. Our moving services are also available in the evening and also on most weekends. If you are about to move and want to ask questions, go to the contacts and choose the most suitable form of contact. When everything is clear and understandable, fill in the price request form on the right and ask for an offer to move.<\/p>\n<p>During this transition period, we try to be a pleasant and helpful partner for you, so that the whole moving process runs as little nerve consumption as possible and with the greatest possible satisfaction.<\/p>\n<p><a href=\"https:\/\/www.uksestukseni.ee\/en\/\">www.uksestukseni.ee<\/a> and <a href=\"https:\/\/kojuvedu.ee\">www.kojuvedu.ee<\/a>[\/vc_column_text][\/vc_column_inner][\/vc_row_inner][vc_row_inner][vc_column_inner width=&#8221;1\/2&#8243;][vc_separator color=&#8221;custom&#8221; align=&#8221;align_left&#8221; el_width=&#8221;10&#8243; css_animation=&#8221;none&#8221; accent_color=&#8221;#f6783f&#8221; css=&#8221;.vc_custom_1501601503081{margin-top: 10px !important;margin-bottom: 20px !important;}&#8221;][vc_column_text]We perform home and office removals mainly in Tallinn and Harju County. If your departure or destination is in this area, we are happy to inform you that the main condition for moving with us has been met. Our moving service is also available if the place of departure or destination is outside Estonia. We also dispose of old furniture. Just feel free to let us know your wish and we will answer you if and when we can help you.[\/vc_column_text][\/vc_column_inner][vc_column_inner width=&#8221;1\/2&#8243;][vc_separator color=&#8221;custom&#8221; align=&#8221;align_left&#8221; el_width=&#8221;10&#8243; css_animation=&#8221;none&#8221; accent_color=&#8221;#f6783f&#8221; css=&#8221;.vc_custom_1501601503081{margin-top: 10px !important;margin-bottom: 20px !important;}&#8221;][vc_column_text]<strong>Home moving service, cost?<\/strong><\/p>\n<p>The price of moving services depends mainly on: the volume of work, how high the floors are, whether it is necessary to pack or assemble, Clients preparation. Moving to Tallinn, which is within the city limits, generally does not involve additional costs. If the start or destination of the ordered moving service is outside Tallinn, the time to reach the object and back to the base located at Mustam\u00e4e tee 6b after the end of the work is taken into account.<\/p>\n<p>The total price of such a removal service will become clearer after the price request is submitted[\/vc_column_text][\/vc_column_inner][\/vc_row_inner][vc_gallery type=&#8221;image_grid&#8221; images=&#8221;762,233,236,760,882,761,879,768,878,868,877,764,234,874,876,765,871,766,767,867,869,235,870,763,872,873,875,1094&#8243;][vc_separator][mk_button dimension=&#8221;flat&#8221; corner_style=&#8221;rounded&#8221; size=&#8221;large&#8221; url=&#8221;en\/contact\/&#8221; align=&#8221;center&#8221; margin_top=&#8221;15&#8243; bg_color=&#8221;#f6783f&#8221; btn_hover_bg=&#8221;#e5541a&#8221; btn_hover_txt_color=&#8221;#ffffff&#8221;]Contact us[\/mk_button][\/vc_column][\/mk_page_section]\n<\/div>","protected":false},"excerpt":{"rendered":"<p>[mk_page_section bg_image=&#8221;http:\/\/www.uksestukseni.ee\/wp-content\/uploads\/2017\/07\/bg-02.jpg&#8221; bg_color=&#8221;#48423c&#8221; bg_position=&#8221;center center&#8221; bg_stretch=&#8221;true&#8221; top_shape_color=&#8221;#ffffff&#8221; bottom_shape_style=&#8221;folded-bottom&#8221; bottom_shape_color=&#8221;#ffffff&#8221; sidebar=&#8221;sidebar-1&#8243;][vc_column][vc_custom_heading source=&#8221;post_title&#8221; font_container=&#8221;tag:h1|font_size:42|text_align:center|color:%23ffffff&#8221; google_fonts=&#8221;font_family:Roboto%3A100%2C100italic%2C300%2C300italic%2Cregular%2Citalic%2C500%2C500italic%2C700%2C700italic%2C900%2C900italic|font_style:100%20light%20regular%3A100%3Anormal&#8221; css=&#8221;.vc_custom_1504163185369{margin-bottom: 10px !important;}&#8221;][vc_separator color=&#8221;custom&#8221; el_width=&#8221;10&#8243; css_animation=&#8221;bounceInLeft&#8221; accent_color=&#8221;#f6783f&#8221; css=&#8221;.vc_custom_1501538053853{margin-top: 10px !important;margin-bottom: 20px !important;}&#8221;][\/vc_column][\/mk_page_section][mk_page_section padding_top=&#8221;30&#8243; padding_bottom=&#8221;30&#8243; sidebar=&#8221;sidebar-1&#8243;][vc_column][vc_row_inner][vc_column_inner][vc_custom_heading text=&#8221;Moving help, moving services, moving, lifting assistance, transportation of furniture and home appliances. Cheap moving service in Tallinn&#8221; font_container=&#8221;tag:p|font_size:22|text_align:left|color:%233f3f3f&#8221; google_fonts=&#8221;font_family:Roboto%3A100%2C100italic%2C300%2C300italic%2Cregular%2Citalic%2C500%2C500italic%2C700%2C700italic%2C900%2C900italic|font_style:300%20light%20regular%3A300%3Anormal&#8221; css=&#8221;.vc_custom_1621444685014{margin-bottom: 10px !important;}&#8221;][vc_separator color=&#8221;custom&#8221; align=&#8221;align_left&#8221; el_width=&#8221;10&#8243; css_animation=&#8221;none&#8221; [&hellip;]<\/p>\n","protected":false},"author":1,"featured_media":1551,"parent":0,"menu_order":0,"comment_status":"closed","ping_status":"closed","template":"","meta":{"footnotes":""},"class_list":["post-3252","page","type-page","status-publish","has-post-thumbnail","hentry"],"yoast_head":"<!-- This site is optimized with the Yoast SEO plugin v26.7 - https:\/\/yoast.com\/wordpress\/plugins\/seo\/ -->\n<title>Home moving service in Tallinn. Apartment and house removal services.<\/title>\n<meta name=\"description\" content=\"Apartment and house removal services. Home moving Service in Tallinn. Moving company in Tallinn. Furniture transport. Professional movers.\" \/>\n<meta name=\"robots\" content=\"index, follow, max-snippet:-1, max-image-preview:large, max-video-preview:-1\" \/>\n<link rel=\"canonical\" href=\"https:\/\/www.uksestukseni.ee\/soodne-kolimisteenus-tallinnas\/\" \/>\n<meta property=\"og:locale\" content=\"en_US\" \/>\n<meta property=\"og:type\" content=\"article\" \/>\n<meta property=\"og:title\" content=\"Home moving service in Tallinn. Apartment and house removal services.\" \/>\n<meta property=\"og:description\" content=\"Apartment and house removal services. Home moving Service in Tallinn. Moving company in Tallinn. Furniture transport. Professional movers.\" \/>\n<meta property=\"og:url\" content=\"https:\/\/www.uksestukseni.ee\/soodne-kolimisteenus-tallinnas\/\" \/>\n<meta property=\"og:site_name\" content=\"Kolimisteenus Tallinnas - Abi kolimisel, M\u00f6\u00f6blivedu - T\u00f5steteenus korrusele\" \/>\n<meta property=\"article:publisher\" content=\"https:\/\/www.facebook.com\/uksestukseni\/\" \/>\n<meta property=\"article:modified_time\" content=\"2021-05-19T18:15:54+00:00\" \/>\n<meta property=\"og:image\" content=\"https:\/\/www.uksestukseni.ee\/wp-content\/uploads\/2018\/05\/44.jpg\" \/>\n\t<meta property=\"og:image:width\" content=\"1024\" \/>\n\t<meta property=\"og:image:height\" content=\"768\" \/>\n\t<meta property=\"og:image:type\" content=\"image\/jpeg\" \/>\n<meta name=\"twitter:card\" content=\"summary_large_image\" \/>\n<meta name=\"twitter:label1\" content=\"Est. reading time\" \/>\n\t<meta name=\"twitter:data1\" content=\"3 minutes\" \/>\n<script type=\"application\/ld+json\" class=\"yoast-schema-graph\">{\"@context\":\"https:\/\/schema.org\",\"@graph\":[{\"@type\":\"WebPage\",\"@id\":\"https:\/\/www.uksestukseni.ee\/soodne-kolimisteenus-tallinnas\/\",\"url\":\"https:\/\/www.uksestukseni.ee\/soodne-kolimisteenus-tallinnas\/\",\"name\":\"Home moving service in Tallinn. Apartment and house removal services.\",\"isPartOf\":{\"@id\":\"https:\/\/www.uksestukseni.ee\/#website\"},\"primaryImageOfPage\":{\"@id\":\"https:\/\/www.uksestukseni.ee\/soodne-kolimisteenus-tallinnas\/#primaryimage\"},\"image\":{\"@id\":\"https:\/\/www.uksestukseni.ee\/soodne-kolimisteenus-tallinnas\/#primaryimage\"},\"thumbnailUrl\":\"https:\/\/www.uksestukseni.ee\/wp-content\/uploads\/2018\/05\/44.jpg\",\"datePublished\":\"2017-07-28T15:51:39+00:00\",\"dateModified\":\"2021-05-19T18:15:54+00:00\",\"description\":\"Apartment and house removal services. Home moving Service in Tallinn. Moving company in Tallinn. Furniture transport. Professional movers.\",\"breadcrumb\":{\"@id\":\"https:\/\/www.uksestukseni.ee\/soodne-kolimisteenus-tallinnas\/#breadcrumb\"},\"inLanguage\":\"en-US\",\"potentialAction\":[{\"@type\":\"ReadAction\",\"target\":[\"https:\/\/www.uksestukseni.ee\/soodne-kolimisteenus-tallinnas\/\"]}]},{\"@type\":\"ImageObject\",\"inLanguage\":\"en-US\",\"@id\":\"https:\/\/www.uksestukseni.ee\/soodne-kolimisteenus-tallinnas\/#primaryimage\",\"url\":\"https:\/\/www.uksestukseni.ee\/wp-content\/uploads\/2018\/05\/44.jpg\",\"contentUrl\":\"https:\/\/www.uksestukseni.ee\/wp-content\/uploads\/2018\/05\/44.jpg\",\"width\":1024,\"height\":768},{\"@type\":\"BreadcrumbList\",\"@id\":\"https:\/\/www.uksestukseni.ee\/soodne-kolimisteenus-tallinnas\/#breadcrumb\",\"itemListElement\":[{\"@type\":\"ListItem\",\"position\":1,\"name\":\"Home\",\"item\":\"https:\/\/www.uksestukseni.ee\/en\/\"},{\"@type\":\"ListItem\",\"position\":2,\"name\":\"Home moving service\"}]},{\"@type\":\"WebSite\",\"@id\":\"https:\/\/www.uksestukseni.ee\/#website\",\"url\":\"https:\/\/www.uksestukseni.ee\/\",\"name\":\"Kolimisteenus Tallinnas - Abi kolimisel, M\u00f6\u00f6blivedu - T\u00f5steteenus korrusele\",\"description\":\"Kolimisteenus Tallinnas - Abi kolimisel, M\u00f6\u00f6blivedu - T\u00f5steteenus korrusele\",\"publisher\":{\"@id\":\"https:\/\/www.uksestukseni.ee\/#organization\"},\"potentialAction\":[{\"@type\":\"SearchAction\",\"target\":{\"@type\":\"EntryPoint\",\"urlTemplate\":\"https:\/\/www.uksestukseni.ee\/?s={search_term_string}\"},\"query-input\":{\"@type\":\"PropertyValueSpecification\",\"valueRequired\":true,\"valueName\":\"search_term_string\"}}],\"inLanguage\":\"en-US\"},{\"@type\":\"Organization\",\"@id\":\"https:\/\/www.uksestukseni.ee\/#organization\",\"name\":\"Kolimisteenus Tallinnas Uksest Ukseni\",\"url\":\"https:\/\/www.uksestukseni.ee\/\",\"logo\":{\"@type\":\"ImageObject\",\"inLanguage\":\"en-US\",\"@id\":\"https:\/\/www.uksestukseni.ee\/#\/schema\/logo\/image\/\",\"url\":\"https:\/\/www.uksestukseni.ee\/wp-content\/uploads\/2017\/12\/logo.png\",\"contentUrl\":\"https:\/\/www.uksestukseni.ee\/wp-content\/uploads\/2017\/12\/logo.png\",\"width\":528,\"height\":189,\"caption\":\"Kolimisteenus Tallinnas Uksest Ukseni\"},\"image\":{\"@id\":\"https:\/\/www.uksestukseni.ee\/#\/schema\/logo\/image\/\"},\"sameAs\":[\"https:\/\/www.facebook.com\/uksestukseni\/\",\"https:\/\/www.instagram.com\/kolimisteenus\/\",\"https:\/\/www.youtube.com\/channel\/UC5-1GARIGLHRjOQqCDrOEfQ\"]}]}<\/script>\n<!-- \/ Yoast SEO plugin. -->","yoast_head_json":{"title":"Home moving service in Tallinn. Apartment and house removal services.","description":"Apartment and house removal services. Home moving Service in Tallinn. Moving company in Tallinn. Furniture transport. Professional movers.","robots":{"index":"index","follow":"follow","max-snippet":"max-snippet:-1","max-image-preview":"max-image-preview:large","max-video-preview":"max-video-preview:-1"},"canonical":"https:\/\/www.uksestukseni.ee\/soodne-kolimisteenus-tallinnas\/","og_locale":"en_US","og_type":"article","og_title":"Home moving service in Tallinn. Apartment and house removal services.","og_description":"Apartment and house removal services. Home moving Service in Tallinn. Moving company in Tallinn. Furniture transport. Professional movers.","og_url":"https:\/\/www.uksestukseni.ee\/soodne-kolimisteenus-tallinnas\/","og_site_name":"Kolimisteenus Tallinnas - Abi kolimisel, M\u00f6\u00f6blivedu - T\u00f5steteenus korrusele","article_publisher":"https:\/\/www.facebook.com\/uksestukseni\/","article_modified_time":"2021-05-19T18:15:54+00:00","og_image":[{"width":1024,"height":768,"url":"https:\/\/www.uksestukseni.ee\/wp-content\/uploads\/2018\/05\/44.jpg","type":"image\/jpeg"}],"twitter_card":"summary_large_image","twitter_misc":{"Est. reading time":"3 minutes"},"schema":{"@context":"https:\/\/schema.org","@graph":[{"@type":"WebPage","@id":"https:\/\/www.uksestukseni.ee\/soodne-kolimisteenus-tallinnas\/","url":"https:\/\/www.uksestukseni.ee\/soodne-kolimisteenus-tallinnas\/","name":"Home moving service in Tallinn. Apartment and house removal services.","isPartOf":{"@id":"https:\/\/www.uksestukseni.ee\/#website"},"primaryImageOfPage":{"@id":"https:\/\/www.uksestukseni.ee\/soodne-kolimisteenus-tallinnas\/#primaryimage"},"image":{"@id":"https:\/\/www.uksestukseni.ee\/soodne-kolimisteenus-tallinnas\/#primaryimage"},"thumbnailUrl":"https:\/\/www.uksestukseni.ee\/wp-content\/uploads\/2018\/05\/44.jpg","datePublished":"2017-07-28T15:51:39+00:00","dateModified":"2021-05-19T18:15:54+00:00","description":"Apartment and house removal services. Home moving Service in Tallinn. Moving company in Tallinn. Furniture transport. Professional movers.","breadcrumb":{"@id":"https:\/\/www.uksestukseni.ee\/soodne-kolimisteenus-tallinnas\/#breadcrumb"},"inLanguage":"en-US","potentialAction":[{"@type":"ReadAction","target":["https:\/\/www.uksestukseni.ee\/soodne-kolimisteenus-tallinnas\/"]}]},{"@type":"ImageObject","inLanguage":"en-US","@id":"https:\/\/www.uksestukseni.ee\/soodne-kolimisteenus-tallinnas\/#primaryimage","url":"https:\/\/www.uksestukseni.ee\/wp-content\/uploads\/2018\/05\/44.jpg","contentUrl":"https:\/\/www.uksestukseni.ee\/wp-content\/uploads\/2018\/05\/44.jpg","width":1024,"height":768},{"@type":"BreadcrumbList","@id":"https:\/\/www.uksestukseni.ee\/soodne-kolimisteenus-tallinnas\/#breadcrumb","itemListElement":[{"@type":"ListItem","position":1,"name":"Home","item":"https:\/\/www.uksestukseni.ee\/en\/"},{"@type":"ListItem","position":2,"name":"Home moving service"}]},{"@type":"WebSite","@id":"https:\/\/www.uksestukseni.ee\/#website","url":"https:\/\/www.uksestukseni.ee\/","name":"Kolimisteenus Tallinnas - Abi kolimisel, M\u00f6\u00f6blivedu - T\u00f5steteenus korrusele","description":"Kolimisteenus Tallinnas - Abi kolimisel, M\u00f6\u00f6blivedu - T\u00f5steteenus korrusele","publisher":{"@id":"https:\/\/www.uksestukseni.ee\/#organization"},"potentialAction":[{"@type":"SearchAction","target":{"@type":"EntryPoint","urlTemplate":"https:\/\/www.uksestukseni.ee\/?s={search_term_string}"},"query-input":{"@type":"PropertyValueSpecification","valueRequired":true,"valueName":"search_term_string"}}],"inLanguage":"en-US"},{"@type":"Organization","@id":"https:\/\/www.uksestukseni.ee\/#organization","name":"Kolimisteenus Tallinnas Uksest Ukseni","url":"https:\/\/www.uksestukseni.ee\/","logo":{"@type":"ImageObject","inLanguage":"en-US","@id":"https:\/\/www.uksestukseni.ee\/#\/schema\/logo\/image\/","url":"https:\/\/www.uksestukseni.ee\/wp-content\/uploads\/2017\/12\/logo.png","contentUrl":"https:\/\/www.uksestukseni.ee\/wp-content\/uploads\/2017\/12\/logo.png","width":528,"height":189,"caption":"Kolimisteenus Tallinnas Uksest Ukseni"},"image":{"@id":"https:\/\/www.uksestukseni.ee\/#\/schema\/logo\/image\/"},"sameAs":["https:\/\/www.facebook.com\/uksestukseni\/","https:\/\/www.instagram.com\/kolimisteenus\/","https:\/\/www.youtube.com\/channel\/UC5-1GARIGLHRjOQqCDrOEfQ"]}]}},"_links":{"self":[{"href":"https:\/\/www.uksestukseni.ee\/en\/wp-json\/wp\/v2\/pages\/3252","targetHints":{"allow":["GET"]}}],"collection":[{"href":"https:\/\/www.uksestukseni.ee\/en\/wp-json\/wp\/v2\/pages"}],"about":[{"href":"https:\/\/www.uksestukseni.ee\/en\/wp-json\/wp\/v2\/types\/page"}],"author":[{"embeddable":true,"href":"https:\/\/www.uksestukseni.ee\/en\/wp-json\/wp\/v2\/users\/1"}],"replies":[{"embeddable":true,"href":"https:\/\/www.uksestukseni.ee\/en\/wp-json\/wp\/v2\/comments?post=3252"}],"version-history":[{"count":7,"href":"https:\/\/www.uksestukseni.ee\/en\/wp-json\/wp\/v2\/pages\/3252\/revisions"}],"predecessor-version":[{"id":3347,"href":"https:\/\/www.uksestukseni.ee\/en\/wp-json\/wp\/v2\/pages\/3252\/revisions\/3347"}],"wp:featuredmedia":[{"embeddable":true,"href":"https:\/\/www.uksestukseni.ee\/en\/wp-json\/wp\/v2\/media\/1551"}],"wp:attachment":[{"href":"https:\/\/www.uksestukseni.ee\/en\/wp-json\/wp\/v2\/media?parent=3252"}],"curies":[{"name":"wp","href":"https:\/\/api.w.org\/{rel}","templated":true}]}}