{"id":3249,"date":"2017-08-01T18:12:06","date_gmt":"2017-08-01T15:12:06","guid":{"rendered":"https:\/\/www.uksestukseni.ee\/kontorite-ja-buroode-kolimine\/"},"modified":"2021-05-19T21:11:39","modified_gmt":"2021-05-19T18:11:39","slug":"office-moving-service","status":"publish","type":"page","link":"https:\/\/www.uksestukseni.ee\/en\/office-moving-service\/","title":{"rendered":"Office moving service"},"content":{"rendered":"<div class=\"wpb-content-wrapper\">[mk_page_section bg_image=&#8221;http:\/\/www.uksestukseni.ee\/wp-content\/uploads\/2017\/07\/bg-02.jpg&#8221; bg_color=&#8221;#48423c&#8221; bg_position=&#8221;center center&#8221; bg_stretch=&#8221;true&#8221; top_shape_color=&#8221;#ffffff&#8221; bottom_shape_style=&#8221;folded-bottom&#8221; bottom_shape_color=&#8221;#ffffff&#8221; sidebar=&#8221;sidebar-1&#8243;][vc_column][vc_custom_heading source=&#8221;post_title&#8221; font_container=&#8221;tag:h1|font_size:42|text_align:center|color:%23ffffff&#8221; google_fonts=&#8221;font_family:Roboto%3A100%2C100italic%2C300%2C300italic%2Cregular%2Citalic%2C500%2C500italic%2C700%2C700italic%2C900%2C900italic|font_style:100%20light%20regular%3A100%3Anormal&#8221; css=&#8221;.vc_custom_1504163185369{margin-bottom: 10px !important;}&#8221;][vc_separator color=&#8221;custom&#8221; el_width=&#8221;10&#8243; css_animation=&#8221;bounceInLeft&#8221; accent_color=&#8221;#f6783f&#8221; css=&#8221;.vc_custom_1501538053853{margin-top: 10px !important;margin-bottom: 20px !important;}&#8221;][\/vc_column][\/mk_page_section][mk_page_section padding_top=&#8221;30&#8243; padding_bottom=&#8221;30&#8243; sidebar=&#8221;sidebar-1&#8243;][vc_column][vc_row_inner][vc_column_inner][vc_custom_heading text=&#8221;Office, stock, warehouse, archive moving service. Removal service for companies.&#8221; font_container=&#8221;tag:h3|font_size:22|text_align:left|color:%233f3f3f&#8221; google_fonts=&#8221;font_family:Roboto%3A100%2C100italic%2C300%2C300italic%2Cregular%2Citalic%2C500%2C500italic%2C700%2C700italic%2C900%2C900italic|font_style:300%20light%20regular%3A300%3Anormal&#8221; css=&#8221;.vc_custom_1621447724336{margin-bottom: 10px !important;}&#8221;][vc_separator color=&#8221;custom&#8221; align=&#8221;align_left&#8221; el_width=&#8221;10&#8243; css_animation=&#8221;none&#8221; accent_color=&#8221;#f6783f&#8221; css=&#8221;.vc_custom_1501601503081{margin-top: 10px !important;margin-bottom: 20px !important;}&#8221;][\/vc_column_inner][\/vc_row_inner][vc_row_inner][vc_column_inner width=&#8221;1\/2&#8243;][vc_column_text]We provide full office moving service for offices, companies, offices, exhibitions, warehouses, bankruptcy assets and archives.<\/p>\n<p>When moving, we use different packing solutions (cardboard boxes of different sizes, protective films with different specifications, materials) and aids (lifting straps, platform trolleys, fasteners, lifting equipment).<\/p>\n<p>From documents and folders, to computers, desks and more, we take care of every aspect of your office move to make the entire process simple and stress-free from the start.<\/p>\n<p>With precise planning and expert service provided by our highly skilled office movers.<\/p>\n<p>Our removals are the ideal choice when it comes to office moves of any size.[\/vc_column_text][\/vc_column_inner][vc_column_inner width=&#8221;1\/2&#8243;][vc_column_text]Before the office moving service, our project manager examines your object, evaluates the time spent and the work specification, then an offer is made for you. The offer offers the corresponding number of movers and a moving car of the corresponding size.<\/p>\n<p>When moving, everything is properly packed, marked. If necessary, the furniture is disassembled and then assembled.<\/p>\n<p><strong>Office moving service, cost?<\/strong><\/p>\n<p>The price of moving services depends mainly on: the volume of work, how high the floors are, whether it is necessary to pack or assemble, Clients preparation. Moving to Tallinn, which is within the city limits, generally does not involve additional costs. If the start or destination of the ordered moving service is outside Tallinn, the time to reach the object and back to the base located at Mustam\u00e4e tee 6b after the end of the work is taken into account.<\/p>\n<p>The total price of such a removal service will become clearer after the price request is submitted[\/vc_column_text][\/vc_column_inner][\/vc_row_inner][vc_separator][vc_row_inner][vc_column_inner width=&#8221;1\/2&#8243;][mk_custom_list style=&#8221;mk-icon-angle-right&#8221;]\n<ul>\n<li>We help you move from the old office to the new one, quickly, unnoticed and efficiently<\/li>\n<li>We offer special lifts, move safes, heavy metal cabinets, industrial equipment.<\/li>\n<li>Assembling and disassembling new and old furniture.<\/li>\n<li>Packaging services and preparation for storage.<\/li>\n<\/ul>\n[\/mk_custom_list][\/vc_column_inner][vc_column_inner width=&#8221;1\/2&#8243;][mk_custom_list style=&#8221;mk-icon-angle-right&#8221;]We perform home and office removals mainly in Tallinn and Harju County. If your departure or destination is in this area, we are happy to inform you that the main condition for moving with us has been met. Our moving service is also available if the place of departure or destination is outside Estonia. We also dispose of old furniture. Just feel free to let us know your wish and we will answer you if and when we can help you.<\/p>\n<ul>\n<li>Movers for help<\/li>\n<li>Help with moving things<\/li>\n<li>Loading and unloading help<\/li>\n<\/ul>\n<p><a href=\"https:\/\/www.uksestukseni.ee\/en\/\">www.uksestukseni.ee<\/a> and <a href=\"https:\/\/kojuvedu.ee\">www.kojuvedu.ee<\/a>[\/mk_custom_list][\/vc_column_inner][\/vc_row_inner][vc_row_inner][vc_column_inner][vc_gallery type=&#8221;image_grid&#8221; images=&#8221;887,367,896,884,376,368,886,369,888,370,371,889,372,373,374,882,375,377,378,885&#8243;][\/vc_column_inner][\/vc_row_inner][vc_separator][mk_button dimension=&#8221;flat&#8221; corner_style=&#8221;rounded&#8221; size=&#8221;large&#8221; url=&#8221;en\/contact\/&#8221; align=&#8221;center&#8221; margin_top=&#8221;15&#8243; btn_hover_bg=&#8221;#e5541a&#8221; btn_hover_txt_color=&#8221;#ffffff&#8221;]Contact us[\/mk_button][\/vc_column][\/mk_page_section]\n<\/div>","protected":false},"excerpt":{"rendered":"<p>[mk_page_section bg_image=&#8221;http:\/\/www.uksestukseni.ee\/wp-content\/uploads\/2017\/07\/bg-02.jpg&#8221; bg_color=&#8221;#48423c&#8221; bg_position=&#8221;center center&#8221; bg_stretch=&#8221;true&#8221; top_shape_color=&#8221;#ffffff&#8221; bottom_shape_style=&#8221;folded-bottom&#8221; bottom_shape_color=&#8221;#ffffff&#8221; sidebar=&#8221;sidebar-1&#8243;][vc_column][vc_custom_heading source=&#8221;post_title&#8221; font_container=&#8221;tag:h1|font_size:42|text_align:center|color:%23ffffff&#8221; google_fonts=&#8221;font_family:Roboto%3A100%2C100italic%2C300%2C300italic%2Cregular%2Citalic%2C500%2C500italic%2C700%2C700italic%2C900%2C900italic|font_style:100%20light%20regular%3A100%3Anormal&#8221; css=&#8221;.vc_custom_1504163185369{margin-bottom: 10px !important;}&#8221;][vc_separator color=&#8221;custom&#8221; el_width=&#8221;10&#8243; css_animation=&#8221;bounceInLeft&#8221; accent_color=&#8221;#f6783f&#8221; css=&#8221;.vc_custom_1501538053853{margin-top: 10px !important;margin-bottom: 20px !important;}&#8221;][\/vc_column][\/mk_page_section][mk_page_section padding_top=&#8221;30&#8243; padding_bottom=&#8221;30&#8243; sidebar=&#8221;sidebar-1&#8243;][vc_column][vc_row_inner][vc_column_inner][vc_custom_heading text=&#8221;Office, stock, warehouse, archive moving service. Removal service for companies.&#8221; font_container=&#8221;tag:h3|font_size:22|text_align:left|color:%233f3f3f&#8221; google_fonts=&#8221;font_family:Roboto%3A100%2C100italic%2C300%2C300italic%2Cregular%2Citalic%2C500%2C500italic%2C700%2C700italic%2C900%2C900italic|font_style:300%20light%20regular%3A300%3Anormal&#8221; css=&#8221;.vc_custom_1621447724336{margin-bottom: 10px !important;}&#8221;][vc_separator color=&#8221;custom&#8221; align=&#8221;align_left&#8221; el_width=&#8221;10&#8243; css_animation=&#8221;none&#8221; accent_color=&#8221;#f6783f&#8221; css=&#8221;.vc_custom_1501601503081{margin-top: 10px !important;margin-bottom: 20px !important;}&#8221;][\/vc_column_inner][\/vc_row_inner][vc_row_inner][vc_column_inner width=&#8221;1\/2&#8243;][vc_column_text]We provide [&hellip;]<\/p>\n","protected":false},"author":1,"featured_media":3169,"parent":0,"menu_order":0,"comment_status":"closed","ping_status":"closed","template":"","meta":{"footnotes":""},"class_list":["post-3249","page","type-page","status-publish","has-post-thumbnail","hentry"],"yoast_head":"<!-- This site is optimized with the Yoast SEO plugin v26.7 - https:\/\/yoast.com\/wordpress\/plugins\/seo\/ -->\n<title>Office moving service in Tallinn. Office removals in Tallinn<\/title>\n<meta name=\"description\" content=\"Office moving service in Tallinn. Office removals in Tallinn. Movers for help. Moving company in Tallinn. Business removals. Furniture moving\" \/>\n<meta name=\"robots\" content=\"index, follow, max-snippet:-1, max-image-preview:large, max-video-preview:-1\" \/>\n<link rel=\"canonical\" href=\"https:\/\/www.uksestukseni.ee\/kontorite-ja-buroode-kolimine\/\" \/>\n<meta property=\"og:locale\" content=\"en_US\" \/>\n<meta property=\"og:type\" content=\"article\" \/>\n<meta property=\"og:title\" content=\"Office moving service in Tallinn. Office removals in Tallinn\" \/>\n<meta property=\"og:description\" content=\"Office moving service in Tallinn. Office removals in Tallinn. Movers for help. Moving company in Tallinn. Business removals. Furniture moving\" \/>\n<meta property=\"og:url\" content=\"https:\/\/www.uksestukseni.ee\/kontorite-ja-buroode-kolimine\/\" \/>\n<meta property=\"og:site_name\" content=\"Kolimisteenus Tallinnas - Abi kolimisel, M\u00f6\u00f6blivedu - T\u00f5steteenus korrusele\" \/>\n<meta property=\"article:publisher\" content=\"https:\/\/www.facebook.com\/uksestukseni\/\" \/>\n<meta property=\"article:modified_time\" content=\"2021-05-19T18:11:39+00:00\" \/>\n<meta property=\"og:image\" content=\"https:\/\/www.uksestukseni.ee\/wp-content\/uploads\/2021\/04\/kolimisteenused-tallinnas-uksest-ukseni.png\" \/>\n\t<meta property=\"og:image:width\" content=\"1080\" \/>\n\t<meta property=\"og:image:height\" content=\"1080\" \/>\n\t<meta property=\"og:image:type\" content=\"image\/png\" \/>\n<meta name=\"twitter:card\" content=\"summary_large_image\" \/>\n<meta name=\"twitter:label1\" content=\"Est. reading time\" \/>\n\t<meta name=\"twitter:data1\" content=\"3 minutes\" \/>\n<script type=\"application\/ld+json\" class=\"yoast-schema-graph\">{\"@context\":\"https:\/\/schema.org\",\"@graph\":[{\"@type\":\"WebPage\",\"@id\":\"https:\/\/www.uksestukseni.ee\/kontorite-ja-buroode-kolimine\/\",\"url\":\"https:\/\/www.uksestukseni.ee\/kontorite-ja-buroode-kolimine\/\",\"name\":\"Office moving service in Tallinn. Office removals in Tallinn\",\"isPartOf\":{\"@id\":\"https:\/\/www.uksestukseni.ee\/#website\"},\"primaryImageOfPage\":{\"@id\":\"https:\/\/www.uksestukseni.ee\/kontorite-ja-buroode-kolimine\/#primaryimage\"},\"image\":{\"@id\":\"https:\/\/www.uksestukseni.ee\/kontorite-ja-buroode-kolimine\/#primaryimage\"},\"thumbnailUrl\":\"https:\/\/www.uksestukseni.ee\/wp-content\/uploads\/2021\/04\/kolimisteenused-tallinnas-uksest-ukseni.png\",\"datePublished\":\"2017-08-01T15:12:06+00:00\",\"dateModified\":\"2021-05-19T18:11:39+00:00\",\"description\":\"Office moving service in Tallinn. Office removals in Tallinn. Movers for help. Moving company in Tallinn. Business removals. Furniture moving\",\"breadcrumb\":{\"@id\":\"https:\/\/www.uksestukseni.ee\/kontorite-ja-buroode-kolimine\/#breadcrumb\"},\"inLanguage\":\"en-US\",\"potentialAction\":[{\"@type\":\"ReadAction\",\"target\":[\"https:\/\/www.uksestukseni.ee\/kontorite-ja-buroode-kolimine\/\"]}]},{\"@type\":\"ImageObject\",\"inLanguage\":\"en-US\",\"@id\":\"https:\/\/www.uksestukseni.ee\/kontorite-ja-buroode-kolimine\/#primaryimage\",\"url\":\"https:\/\/www.uksestukseni.ee\/wp-content\/uploads\/2021\/04\/kolimisteenused-tallinnas-uksest-ukseni.png\",\"contentUrl\":\"https:\/\/www.uksestukseni.ee\/wp-content\/uploads\/2021\/04\/kolimisteenused-tallinnas-uksest-ukseni.png\",\"width\":1080,\"height\":1080},{\"@type\":\"BreadcrumbList\",\"@id\":\"https:\/\/www.uksestukseni.ee\/kontorite-ja-buroode-kolimine\/#breadcrumb\",\"itemListElement\":[{\"@type\":\"ListItem\",\"position\":1,\"name\":\"Home\",\"item\":\"https:\/\/www.uksestukseni.ee\/en\/\"},{\"@type\":\"ListItem\",\"position\":2,\"name\":\"Office moving service\"}]},{\"@type\":\"WebSite\",\"@id\":\"https:\/\/www.uksestukseni.ee\/#website\",\"url\":\"https:\/\/www.uksestukseni.ee\/\",\"name\":\"Kolimisteenus Tallinnas - Abi kolimisel, M\u00f6\u00f6blivedu - T\u00f5steteenus korrusele\",\"description\":\"Kolimisteenus Tallinnas - Abi kolimisel, M\u00f6\u00f6blivedu - T\u00f5steteenus korrusele\",\"publisher\":{\"@id\":\"https:\/\/www.uksestukseni.ee\/#organization\"},\"potentialAction\":[{\"@type\":\"SearchAction\",\"target\":{\"@type\":\"EntryPoint\",\"urlTemplate\":\"https:\/\/www.uksestukseni.ee\/?s={search_term_string}\"},\"query-input\":{\"@type\":\"PropertyValueSpecification\",\"valueRequired\":true,\"valueName\":\"search_term_string\"}}],\"inLanguage\":\"en-US\"},{\"@type\":\"Organization\",\"@id\":\"https:\/\/www.uksestukseni.ee\/#organization\",\"name\":\"Kolimisteenus Tallinnas Uksest Ukseni\",\"url\":\"https:\/\/www.uksestukseni.ee\/\",\"logo\":{\"@type\":\"ImageObject\",\"inLanguage\":\"en-US\",\"@id\":\"https:\/\/www.uksestukseni.ee\/#\/schema\/logo\/image\/\",\"url\":\"https:\/\/www.uksestukseni.ee\/wp-content\/uploads\/2017\/12\/logo.png\",\"contentUrl\":\"https:\/\/www.uksestukseni.ee\/wp-content\/uploads\/2017\/12\/logo.png\",\"width\":528,\"height\":189,\"caption\":\"Kolimisteenus Tallinnas Uksest Ukseni\"},\"image\":{\"@id\":\"https:\/\/www.uksestukseni.ee\/#\/schema\/logo\/image\/\"},\"sameAs\":[\"https:\/\/www.facebook.com\/uksestukseni\/\",\"https:\/\/www.instagram.com\/kolimisteenus\/\",\"https:\/\/www.youtube.com\/channel\/UC5-1GARIGLHRjOQqCDrOEfQ\"]}]}<\/script>\n<!-- \/ Yoast SEO plugin. -->","yoast_head_json":{"title":"Office moving service in Tallinn. Office removals in Tallinn","description":"Office moving service in Tallinn. Office removals in Tallinn. Movers for help. Moving company in Tallinn. Business removals. Furniture moving","robots":{"index":"index","follow":"follow","max-snippet":"max-snippet:-1","max-image-preview":"max-image-preview:large","max-video-preview":"max-video-preview:-1"},"canonical":"https:\/\/www.uksestukseni.ee\/kontorite-ja-buroode-kolimine\/","og_locale":"en_US","og_type":"article","og_title":"Office moving service in Tallinn. Office removals in Tallinn","og_description":"Office moving service in Tallinn. Office removals in Tallinn. Movers for help. Moving company in Tallinn. Business removals. Furniture moving","og_url":"https:\/\/www.uksestukseni.ee\/kontorite-ja-buroode-kolimine\/","og_site_name":"Kolimisteenus Tallinnas - Abi kolimisel, M\u00f6\u00f6blivedu - T\u00f5steteenus korrusele","article_publisher":"https:\/\/www.facebook.com\/uksestukseni\/","article_modified_time":"2021-05-19T18:11:39+00:00","og_image":[{"width":1080,"height":1080,"url":"https:\/\/www.uksestukseni.ee\/wp-content\/uploads\/2021\/04\/kolimisteenused-tallinnas-uksest-ukseni.png","type":"image\/png"}],"twitter_card":"summary_large_image","twitter_misc":{"Est. reading time":"3 minutes"},"schema":{"@context":"https:\/\/schema.org","@graph":[{"@type":"WebPage","@id":"https:\/\/www.uksestukseni.ee\/kontorite-ja-buroode-kolimine\/","url":"https:\/\/www.uksestukseni.ee\/kontorite-ja-buroode-kolimine\/","name":"Office moving service in Tallinn. Office removals in Tallinn","isPartOf":{"@id":"https:\/\/www.uksestukseni.ee\/#website"},"primaryImageOfPage":{"@id":"https:\/\/www.uksestukseni.ee\/kontorite-ja-buroode-kolimine\/#primaryimage"},"image":{"@id":"https:\/\/www.uksestukseni.ee\/kontorite-ja-buroode-kolimine\/#primaryimage"},"thumbnailUrl":"https:\/\/www.uksestukseni.ee\/wp-content\/uploads\/2021\/04\/kolimisteenused-tallinnas-uksest-ukseni.png","datePublished":"2017-08-01T15:12:06+00:00","dateModified":"2021-05-19T18:11:39+00:00","description":"Office moving service in Tallinn. Office removals in Tallinn. Movers for help. Moving company in Tallinn. Business removals. Furniture moving","breadcrumb":{"@id":"https:\/\/www.uksestukseni.ee\/kontorite-ja-buroode-kolimine\/#breadcrumb"},"inLanguage":"en-US","potentialAction":[{"@type":"ReadAction","target":["https:\/\/www.uksestukseni.ee\/kontorite-ja-buroode-kolimine\/"]}]},{"@type":"ImageObject","inLanguage":"en-US","@id":"https:\/\/www.uksestukseni.ee\/kontorite-ja-buroode-kolimine\/#primaryimage","url":"https:\/\/www.uksestukseni.ee\/wp-content\/uploads\/2021\/04\/kolimisteenused-tallinnas-uksest-ukseni.png","contentUrl":"https:\/\/www.uksestukseni.ee\/wp-content\/uploads\/2021\/04\/kolimisteenused-tallinnas-uksest-ukseni.png","width":1080,"height":1080},{"@type":"BreadcrumbList","@id":"https:\/\/www.uksestukseni.ee\/kontorite-ja-buroode-kolimine\/#breadcrumb","itemListElement":[{"@type":"ListItem","position":1,"name":"Home","item":"https:\/\/www.uksestukseni.ee\/en\/"},{"@type":"ListItem","position":2,"name":"Office moving service"}]},{"@type":"WebSite","@id":"https:\/\/www.uksestukseni.ee\/#website","url":"https:\/\/www.uksestukseni.ee\/","name":"Kolimisteenus Tallinnas - Abi kolimisel, M\u00f6\u00f6blivedu - T\u00f5steteenus korrusele","description":"Kolimisteenus Tallinnas - Abi kolimisel, M\u00f6\u00f6blivedu - T\u00f5steteenus korrusele","publisher":{"@id":"https:\/\/www.uksestukseni.ee\/#organization"},"potentialAction":[{"@type":"SearchAction","target":{"@type":"EntryPoint","urlTemplate":"https:\/\/www.uksestukseni.ee\/?s={search_term_string}"},"query-input":{"@type":"PropertyValueSpecification","valueRequired":true,"valueName":"search_term_string"}}],"inLanguage":"en-US"},{"@type":"Organization","@id":"https:\/\/www.uksestukseni.ee\/#organization","name":"Kolimisteenus Tallinnas Uksest Ukseni","url":"https:\/\/www.uksestukseni.ee\/","logo":{"@type":"ImageObject","inLanguage":"en-US","@id":"https:\/\/www.uksestukseni.ee\/#\/schema\/logo\/image\/","url":"https:\/\/www.uksestukseni.ee\/wp-content\/uploads\/2017\/12\/logo.png","contentUrl":"https:\/\/www.uksestukseni.ee\/wp-content\/uploads\/2017\/12\/logo.png","width":528,"height":189,"caption":"Kolimisteenus Tallinnas Uksest Ukseni"},"image":{"@id":"https:\/\/www.uksestukseni.ee\/#\/schema\/logo\/image\/"},"sameAs":["https:\/\/www.facebook.com\/uksestukseni\/","https:\/\/www.instagram.com\/kolimisteenus\/","https:\/\/www.youtube.com\/channel\/UC5-1GARIGLHRjOQqCDrOEfQ"]}]}},"_links":{"self":[{"href":"https:\/\/www.uksestukseni.ee\/en\/wp-json\/wp\/v2\/pages\/3249","targetHints":{"allow":["GET"]}}],"collection":[{"href":"https:\/\/www.uksestukseni.ee\/en\/wp-json\/wp\/v2\/pages"}],"about":[{"href":"https:\/\/www.uksestukseni.ee\/en\/wp-json\/wp\/v2\/types\/page"}],"author":[{"embeddable":true,"href":"https:\/\/www.uksestukseni.ee\/en\/wp-json\/wp\/v2\/users\/1"}],"replies":[{"embeddable":true,"href":"https:\/\/www.uksestukseni.ee\/en\/wp-json\/wp\/v2\/comments?post=3249"}],"version-history":[{"count":6,"href":"https:\/\/www.uksestukseni.ee\/en\/wp-json\/wp\/v2\/pages\/3249\/revisions"}],"predecessor-version":[{"id":3345,"href":"https:\/\/www.uksestukseni.ee\/en\/wp-json\/wp\/v2\/pages\/3249\/revisions\/3345"}],"wp:featuredmedia":[{"embeddable":true,"href":"https:\/\/www.uksestukseni.ee\/en\/wp-json\/wp\/v2\/media\/3169"}],"wp:attachment":[{"href":"https:\/\/www.uksestukseni.ee\/en\/wp-json\/wp\/v2\/media?parent=3249"}],"curies":[{"name":"wp","href":"https:\/\/api.w.org\/{rel}","templated":true}]}}